{"id":9571,"date":"2019-11-22T23:15:35","date_gmt":"2019-11-22T22:15:35","guid":{"rendered":"http:\/\/osfm-splet.splet.arnes.si\/?page_id=9571"},"modified":"2025-01-30T09:40:14","modified_gmt":"2025-01-30T08:40:14","slug":"varnost-in-zdravje","status":"publish","type":"page","link":"https:\/\/osfm-splet.splet.arnes.si\/?page_id=9571","title":{"rendered":"Varnost in zdravje"},"content":{"rendered":"<p>[et_pb_section fb_built=&#8221;1&#8243; fullwidth=&#8221;on&#8221; admin_label=&#8221;section&#8221; _builder_version=&#8221;4.27.4&#8243; background_color=&#8221;rgba(255,255,255,0)&#8221; background_image=&#8221;http:\/\/osfm-splet.splet.arnes.si\/files\/2015\/06\/osfm1.jpg&#8221; background_enable_image=&#8221;off&#8221; custom_padding=&#8221;||1px|&#8221; transparent_background=&#8221;on&#8221; make_fullwidth=&#8221;off&#8221; use_custom_width=&#8221;off&#8221; width_unit=&#8221;on&#8221; global_module=&#8221;10997&#8243; locked=&#8221;off&#8221; global_colors_info=&#8221;{}&#8221;][et_pb_fullwidth_slider use_bg_overlay=&#8221;off&#8221; use_text_overlay=&#8221;off&#8221; admin_label=&#8221;Slike \u0161ole&#8221; _builder_version=&#8221;4.27.0&#8243; vertical_offset_tablet=&#8221;0&#8243; horizontal_offset_tablet=&#8221;0&#8243; custom_padding=&#8221;|||&#8221; auto=&#8221;on&#8221; auto_speed=&#8221;10000&#8243; link_option_url=&#8221;www.fmalgaja.si&#8221; z_index_tablet=&#8221;0&#8243; header_text_shadow_horizontal_length_tablet=&#8221;0px&#8221; header_text_shadow_vertical_length_tablet=&#8221;0px&#8221; header_text_shadow_blur_strength_tablet=&#8221;1px&#8221; body_text_shadow_horizontal_length_tablet=&#8221;0px&#8221; body_text_shadow_vertical_length_tablet=&#8221;0px&#8221; body_text_shadow_blur_strength_tablet=&#8221;1px&#8221; body_link_text_shadow_horizontal_length_tablet=&#8221;0px&#8221; body_link_text_shadow_vertical_length_tablet=&#8221;0px&#8221; body_link_text_shadow_blur_strength_tablet=&#8221;1px&#8221; body_ul_text_shadow_horizontal_length_tablet=&#8221;0px&#8221; body_ul_text_shadow_vertical_length_tablet=&#8221;0px&#8221; body_ul_text_shadow_blur_strength_tablet=&#8221;1px&#8221; body_ol_text_shadow_horizontal_length_tablet=&#8221;0px&#8221; body_ol_text_shadow_vertical_length_tablet=&#8221;0px&#8221; body_ol_text_shadow_blur_strength_tablet=&#8221;1px&#8221; body_quote_text_shadow_horizontal_length_tablet=&#8221;0px&#8221; body_quote_text_shadow_vertical_length_tablet=&#8221;0px&#8221; body_quote_text_shadow_blur_strength_tablet=&#8221;1px&#8221; button_text_shadow_horizontal_length_tablet=&#8221;0px&#8221; button_text_shadow_vertical_length_tablet=&#8221;0px&#8221; button_text_shadow_blur_strength_tablet=&#8221;1px&#8221; box_shadow_style=&#8221;preset6&#8243; box_shadow_horizontal_image_tablet=&#8221;0px&#8221; box_shadow_vertical_image_tablet=&#8221;0px&#8221; box_shadow_blur_image_tablet=&#8221;40px&#8221; box_shadow_spread_image_tablet=&#8221;0px&#8221; box_shadow_horizontal_button_tablet=&#8221;0px&#8221; box_shadow_vertical_button_tablet=&#8221;0px&#8221; box_shadow_blur_button_tablet=&#8221;40px&#8221; box_shadow_spread_button_tablet=&#8221;0px&#8221; text_shadow_horizontal_length_tablet=&#8221;0px&#8221; text_shadow_vertical_length_tablet=&#8221;0px&#8221; text_shadow_blur_strength_tablet=&#8221;1px&#8221; remove_inner_shadow=&#8221;off&#8221; hide_content_on_mobile=&#8221;off&#8221; hide_cta_on_mobile=&#8221;off&#8221; show_inner_shadow=&#8221;on&#8221; button_letter_spacing_hover=&#8221;0&#8243; locked=&#8221;off&#8221; global_colors_info=&#8221;{}&#8221; button_text_size__hover_enabled=&#8221;off&#8221; button_text_size__hover=&#8221;null&#8221; button_one_text_size__hover_enabled=&#8221;off&#8221; button_one_text_size__hover=&#8221;null&#8221; button_two_text_size__hover_enabled=&#8221;off&#8221; button_two_text_size__hover=&#8221;null&#8221; button_text_color__hover_enabled=&#8221;off&#8221; button_text_color__hover=&#8221;null&#8221; button_one_text_color__hover_enabled=&#8221;off&#8221; button_one_text_color__hover=&#8221;null&#8221; button_two_text_color__hover_enabled=&#8221;off&#8221; button_two_text_color__hover=&#8221;null&#8221; button_border_width__hover_enabled=&#8221;off&#8221; button_border_width__hover=&#8221;null&#8221; button_one_border_width__hover_enabled=&#8221;off&#8221; button_one_border_width__hover=&#8221;null&#8221; button_two_border_width__hover_enabled=&#8221;off&#8221; button_two_border_width__hover=&#8221;null&#8221; button_border_color__hover_enabled=&#8221;off&#8221; button_border_color__hover=&#8221;null&#8221; button_one_border_color__hover_enabled=&#8221;off&#8221; button_one_border_color__hover=&#8221;null&#8221; button_two_border_color__hover_enabled=&#8221;off&#8221; button_two_border_color__hover=&#8221;null&#8221; button_border_radius__hover_enabled=&#8221;off&#8221; button_border_radius__hover=&#8221;null&#8221; button_one_border_radius__hover_enabled=&#8221;off&#8221; button_one_border_radius__hover=&#8221;null&#8221; button_two_border_radius__hover_enabled=&#8221;off&#8221; button_two_border_radius__hover=&#8221;null&#8221; button_letter_spacing__hover_enabled=&#8221;on&#8221; button_letter_spacing__hover=&#8221;0&#8243; button_one_letter_spacing__hover_enabled=&#8221;off&#8221; button_one_letter_spacing__hover=&#8221;null&#8221; button_two_letter_spacing__hover_enabled=&#8221;off&#8221; button_two_letter_spacing__hover=&#8221;null&#8221; button_bg_color__hover_enabled=&#8221;off&#8221; button_bg_color__hover=&#8221;null&#8221; button_one_bg_color__hover_enabled=&#8221;off&#8221; button_one_bg_color__hover=&#8221;null&#8221; button_two_bg_color__hover_enabled=&#8221;off&#8221; button_two_bg_color__hover=&#8221;null&#8221;][et_pb_slide heading=&#8221;O\u0160 Franja Malgaja \u0160entjur&#8221; _builder_version=&#8221;4.16&#8243; background_color=&#8221;#ffffff&#8221; background_image=&#8221;https:\/\/osfm-splet.splet.arnes.si\/files\/2015\/08\/osfm1.jpg&#8221; background_enable_image=&#8221;on&#8221; locked=&#8221;off&#8221; global_colors_info=&#8221;{}&#8221; button_text_size__hover_enabled=&#8221;off&#8221; button_one_text_size__hover_enabled=&#8221;off&#8221; button_two_text_size__hover_enabled=&#8221;off&#8221; button_text_color__hover_enabled=&#8221;off&#8221; button_one_text_color__hover_enabled=&#8221;off&#8221; button_two_text_color__hover_enabled=&#8221;off&#8221; button_border_width__hover_enabled=&#8221;off&#8221; button_one_border_width__hover_enabled=&#8221;off&#8221; button_two_border_width__hover_enabled=&#8221;off&#8221; button_border_color__hover_enabled=&#8221;off&#8221; button_one_border_color__hover_enabled=&#8221;off&#8221; button_two_border_color__hover_enabled=&#8221;off&#8221; button_border_radius__hover_enabled=&#8221;off&#8221; button_one_border_radius__hover_enabled=&#8221;off&#8221; button_two_border_radius__hover_enabled=&#8221;off&#8221; button_letter_spacing__hover_enabled=&#8221;off&#8221; button_one_letter_spacing__hover_enabled=&#8221;off&#8221; button_two_letter_spacing__hover_enabled=&#8221;off&#8221; button_bg_color__hover_enabled=&#8221;off&#8221; button_one_bg_color__hover_enabled=&#8221;off&#8221; button_two_bg_color__hover_enabled=&#8221;off&#8221; sticky_transition=&#8221;on&#8221;][\/et_pb_slide][et_pb_slide heading=&#8221;O\u0160 Franja Malgaja \u0160entjur&#8221; _builder_version=&#8221;4.16&#8243; background_color=&#8221;#ffffff&#8221; background_image=&#8221;https:\/\/osfm-splet.splet.arnes.si\/files\/2015\/06\/osfm2.jpg&#8221; background_enable_image=&#8221;on&#8221; locked=&#8221;off&#8221; global_colors_info=&#8221;{}&#8221; button_text_size__hover_enabled=&#8221;off&#8221; button_one_text_size__hover_enabled=&#8221;off&#8221; button_two_text_size__hover_enabled=&#8221;off&#8221; button_text_color__hover_enabled=&#8221;off&#8221; button_one_text_color__hover_enabled=&#8221;off&#8221; button_two_text_color__hover_enabled=&#8221;off&#8221; button_border_width__hover_enabled=&#8221;off&#8221; button_one_border_width__hover_enabled=&#8221;off&#8221; button_two_border_width__hover_enabled=&#8221;off&#8221; button_border_color__hover_enabled=&#8221;off&#8221; button_one_border_color__hover_enabled=&#8221;off&#8221; button_two_border_color__hover_enabled=&#8221;off&#8221; button_border_radius__hover_enabled=&#8221;off&#8221; button_one_border_radius__hover_enabled=&#8221;off&#8221; button_two_border_radius__hover_enabled=&#8221;off&#8221; button_letter_spacing__hover_enabled=&#8221;off&#8221; button_one_letter_spacing__hover_enabled=&#8221;off&#8221; button_two_letter_spacing__hover_enabled=&#8221;off&#8221; button_bg_color__hover_enabled=&#8221;off&#8221; button_one_bg_color__hover_enabled=&#8221;off&#8221; button_two_bg_color__hover_enabled=&#8221;off&#8221; sticky_transition=&#8221;on&#8221;][\/et_pb_slide][et_pb_slide heading=&#8221;O\u0160 Franja Malgaja \u0160entjur&#8221; _builder_version=&#8221;4.16&#8243; background_color=&#8221;#ffffff&#8221; background_image=&#8221;https:\/\/osfm-splet.splet.arnes.si\/files\/2015\/06\/osfm3.jpg&#8221; background_enable_image=&#8221;on&#8221; locked=&#8221;off&#8221; global_colors_info=&#8221;{}&#8221; button_text_size__hover_enabled=&#8221;off&#8221; button_one_text_size__hover_enabled=&#8221;off&#8221; button_two_text_size__hover_enabled=&#8221;off&#8221; button_text_color__hover_enabled=&#8221;off&#8221; button_one_text_color__hover_enabled=&#8221;off&#8221; button_two_text_color__hover_enabled=&#8221;off&#8221; button_border_width__hover_enabled=&#8221;off&#8221; button_one_border_width__hover_enabled=&#8221;off&#8221; button_two_border_width__hover_enabled=&#8221;off&#8221; button_border_color__hover_enabled=&#8221;off&#8221; button_one_border_color__hover_enabled=&#8221;off&#8221; button_two_border_color__hover_enabled=&#8221;off&#8221; button_border_radius__hover_enabled=&#8221;off&#8221; button_one_border_radius__hover_enabled=&#8221;off&#8221; button_two_border_radius__hover_enabled=&#8221;off&#8221; button_letter_spacing__hover_enabled=&#8221;off&#8221; button_one_letter_spacing__hover_enabled=&#8221;off&#8221; button_two_letter_spacing__hover_enabled=&#8221;off&#8221; button_bg_color__hover_enabled=&#8221;off&#8221; button_one_bg_color__hover_enabled=&#8221;off&#8221; button_two_bg_color__hover_enabled=&#8221;off&#8221; sticky_transition=&#8221;on&#8221;][\/et_pb_slide][\/et_pb_fullwidth_slider][et_pb_fullwidth_menu menu_id=&#8221;57&#8243; menu_style=&#8221;centered&#8221; submenu_direction=&#8221;downwards&#8221; fullwidth_menu=&#8221;off&#8221; active_link_color=&#8221;#FFFFFF&#8221; admin_label=&#8221;Glavni Meni&#8221; module_id=&#8221;velikost-menija&#8221; _builder_version=&#8221;4.27.4&#8243; menu_font=&#8221;|on|||&#8221; menu_text_color=&#8221;#FFFFFF&#8221; menu_font_size=&#8221;15px&#8221; background_color=&#8221;#1269b0&#8243; background_color_tablet=&#8221;#ffffff&#8221; background_color_phone=&#8221;#ffffff&#8221; background_last_edited=&#8221;on|tablet&#8221; background_enable_color_tablet=&#8221;on&#8221; background_enable_color_phone=&#8221;on&#8221; global_colors_info=&#8221;{}&#8221;][\/et_pb_fullwidth_menu][\/et_pb_section][et_pb_section fb_built=&#8221;1&#8243; admin_label=&#8221;section&#8221; _builder_version=&#8221;4.16&#8243; global_colors_info=&#8221;{}&#8221;][et_pb_row admin_label=&#8221;row&#8221; _builder_version=&#8221;4.16&#8243; background_size=&#8221;initial&#8221; background_position=&#8221;top_left&#8221; background_repeat=&#8221;repeat&#8221; global_colors_info=&#8221;{}&#8221;][et_pb_column type=&#8221;4_4&#8243; _builder_version=&#8221;4.16&#8243; custom_padding=&#8221;|||&#8221; global_colors_info=&#8221;{}&#8221; custom_padding__hover=&#8221;|||&#8221;][et_pb_text _builder_version=&#8221;4.27.4&#8243; background_size=&#8221;initial&#8221; background_position=&#8221;top_left&#8221; background_repeat=&#8221;repeat&#8221; text_orientation=&#8221;justified&#8221; hover_enabled=&#8221;0&#8243; use_border_color=&#8221;off&#8221; global_colors_info=&#8221;{}&#8221; sticky_enabled=&#8221;0&#8243;]<\/p>\n<h3>Varnost in zdravje<\/h3>\n<p>&nbsp;<\/p>\n<p>\u0160ola je dol\u017ena zagotoviti varnost vseh udele\u017eencev procesov na \u0161oli. To dosegamo z razli\u010dnimi aktivnostmi na podro\u010dju vzgoje, zdravstvenega varstva, prometne varnosti, varnosti pri delu&nbsp;ter&nbsp;organizaciji spremstva in de\u017eurstva.<\/p>\n<p>S tem namenom bo \u0161ola:<\/p>\n<ul>\n<li>izvajala razli\u010dne aktivnosti in ukrepe za zagotavljanje varnosti, reda in discipline u\u010dencev terprepre\u010devanje nasilja, (de\u017eurstva u\u010diteljev, obravnava in spo\u0161tovanje hi\u0161nega reda in pravil&nbsp;\u0161olskega reda,&nbsp;preventivne dejavnosti: predavanja, delavnice za u\u010dence, u\u010ditelje in star\u0161e, pravo\u010dasno in ustrezno ukrepanje v nevarnih situacijah \u2026),<\/li>\n<li>oblikovala oddelke in skupine u\u010dencev v skladu z veljavnimi normativi in standardi,<\/li>\n<li>na ekskurzijah, \u0161portnih, naravoslovnih, kulturnih dnevih ter te\u010dajih plavanja, kolesarjenja, smu\u010danja ipd. bo zagotovljeno ustrezno \u0161tevilo spremljevalcev v skladu z veljavnimi normativi in standardi in navodili za izvajanje u\u010dnih na\u010drtov,<\/li>\n<li>zagotovila, da bodo objekti, igrala, u\u010dila, oprema in naprave v skladu z veljavnimi normativi in standardi ter zagotovila varno izvajanje dejavnosti,<\/li>\n<li>zagotovila u\u010dencem ustrezno opremo, kadar bodo sodelovali pri urejanju \u0161ole in \u0161olske okolice,<\/li>\n<li>izvajala dejavnosti prometne varnosti (kolesarski izpit v 5. r., na\u010drt \u0161olskih poti).<\/li>\n<\/ul>\n<p>Zaradi nemotenega poteka vzgojno-izobra\u017eevalnega dela v zavodu in zagotavljanja ve\u010dje varnosti, se v posameznih \u0161olskih prostorih vr\u0161ijo dnevna de\u017eurstva strokovnih delavcev. Strokovni delavci opravljajo naloge de\u017eurstva skladno z razporedom, ki ga na oglasni deski objavi ravnatelj zavoda. De\u017eurstvo v zavodu poteka na razredni stopnji med 7.10 in 13.00, na predmetni stopnji pa do 13.35 in v garderobi in jedilnici do 14.00.<\/p>\n<hr>\n<p><strong>Vzgojne dejavnosti<\/strong><\/p>\n<p>Vzgojnim dejavnostim \u017eelimo dati posebno te\u017eo, zato upo\u0161tevamo pravila Hi\u0161nega reda, \u0160olska pravila in Vzgojni na\u010drt. Posebno pozornost namenjamo svetovalnim in proaktivnim vzgojnim dejavnostim ter sodelovanju s star\u0161i.&nbsp;<\/p>\n<p>Pravila \u0161olskega reda, Hi\u0161ni red in Vzgojni na\u010drt se nahajajo v <a href=\"https:\/\/osfm-splet.splet.arnes.si\/?page_id=13711\" target=\"_blank\" rel=\"noopener\">zavihku \u0160olska pravila<\/a>.&nbsp;<\/p>\n<hr>\n<p><strong>Prometna varnost<\/strong><\/p>\n<p>Za podro\u010dje prometne varnosti so na \u0161oli odgovorne mentorice prometne vzgoje in tudi ostali zaposleni. Prometna varnost je delno vklju\u010dena v u\u010dni program 3. in 4. razredov, nujna je tudi prometna vzgoja v 1. in 2. razredih, ki jo izvajajo razredne u\u010diteljice in u\u010ditelji v podalj\u0161anem bivanju. U\u010denci razredne stopnje vsako leto sodelujejo v projektih, ki jih organizira Ministrstvo za notranje zadeve ali Svet za preventivo in vzgojo v cestnem prometu. Za pomo\u010d vsako leto prosimo Policijsko postajo \u0160entjur in \u010dlane SPV-ja, ki skrbijo za varnost v na\u0161em \u0161olskem okoli\u0161u. V okvir prometne varnosti sodi tudi uspe\u0161no opravljen kolesarski izpit v 5. razredu devetletke.<\/p>\n<hr>\n<p><strong>Zdravstvena vzgoja<\/strong><\/p>\n<p>Za u\u010dence 1., 3., 6. in 8. razreda so organizirani sistemati\u010dni pregledi z zdravstveno-vzgojnimi vsebinami. Prav tako so organizirani zobozdravstveni sistemati\u010dni pregledi za u\u010dence 1., 2., 4., 7. in 8. razreda.&nbsp;<\/p>\n<p>U\u010denci razredne stopnje sodelujejo v republi\u0161ki akciji tekmovanja za \u010diste zobe. Medicinska sestra naklju\u010dno pregleda izbran razred. Vsak u\u010denec, ki bo imel \u010diste zobe, si prislu\u017ei to\u010dko. Zmagovalni razred je tisti, ki ima ob koncu \u0161olskega leta najve\u010d to\u010dk.<\/p>\n<p>[\/et_pb_text][\/et_pb_column][\/et_pb_row][\/et_pb_section][et_pb_section fb_built=&#8221;1&#8243; fullwidth=&#8221;on&#8221; disabled_on=&#8221;on|on|&#8221; admin_label=&#8221;Section&#8221; _builder_version=&#8221;4.27.4&#8243; vertical_offset_tablet=&#8221;0&#8243; horizontal_offset_tablet=&#8221;0&#8243; inner_width_phone=&#8221;50px&#8221; inner_max_width_tablet=&#8221;100px&#8221; inner_max_width_phone=&#8221;50px&#8221; custom_margin=&#8221;30px||||false|false&#8221; animation_style=&#8221;fade&#8221; box_shadow_horizontal_tablet=&#8221;0px&#8221; box_shadow_vertical_tablet=&#8221;0px&#8221; box_shadow_blur_tablet=&#8221;40px&#8221; box_shadow_spread_tablet=&#8221;0px&#8221; transparent_background=&#8221;off&#8221; make_fullwidth=&#8221;off&#8221; use_custom_width=&#8221;off&#8221; width_unit=&#8221;on&#8221; global_module=&#8221;10917&#8243; locked=&#8221;off&#8221; collapsed=&#8221;off&#8221; global_colors_info=&#8221;{}&#8221;][et_pb_fullwidth_header content_max_width=&#8221;none&#8221; admin_label=&#8221;Napisi in logo v nogi&#8221; _builder_version=&#8221;4.27.0&#8243; title_font_size=&#8221;14px&#8221; subhead_font_size=&#8221;14px&#8221; background_layout=&#8221;light&#8221; button_one_letter_spacing_hover=&#8221;0&#8243; button_two_letter_spacing_hover=&#8221;0&#8243; global_colors_info=&#8221;{}&#8221; button_one_text_size__hover_enabled=&#8221;off&#8221; button_one_text_size__hover=&#8221;null&#8221; button_two_text_size__hover_enabled=&#8221;off&#8221; button_two_text_size__hover=&#8221;null&#8221; button_one_text_color__hover_enabled=&#8221;off&#8221; button_one_text_color__hover=&#8221;null&#8221; button_two_text_color__hover_enabled=&#8221;off&#8221; button_two_text_color__hover=&#8221;null&#8221; button_one_border_width__hover_enabled=&#8221;off&#8221; button_one_border_width__hover=&#8221;null&#8221; button_two_border_width__hover_enabled=&#8221;off&#8221; button_two_border_width__hover=&#8221;null&#8221; button_one_border_color__hover_enabled=&#8221;off&#8221; button_one_border_color__hover=&#8221;null&#8221; button_two_border_color__hover_enabled=&#8221;off&#8221; button_two_border_color__hover=&#8221;null&#8221; button_one_border_radius__hover_enabled=&#8221;off&#8221; button_one_border_radius__hover=&#8221;null&#8221; button_two_border_radius__hover_enabled=&#8221;off&#8221; button_two_border_radius__hover=&#8221;null&#8221; button_one_letter_spacing__hover_enabled=&#8221;on&#8221; button_one_letter_spacing__hover=&#8221;0&#8243; button_two_letter_spacing__hover_enabled=&#8221;on&#8221; button_two_letter_spacing__hover=&#8221;0&#8243; button_one_bg_color__hover_enabled=&#8221;off&#8221; button_one_bg_color__hover=&#8221;null&#8221; button_two_bg_color__hover_enabled=&#8221;off&#8221; button_two_bg_color__hover=&#8221;null&#8221;]<\/p>\n<table bgcolor=\"#ffffff\">\n<tbody>\n<tr>\n<td><img loading=\"lazy\" decoding=\"async\" class=\"wp-image-18488 alignnone \" src=\"https:\/\/osfm-splet.splet.arnes.si\/files\/2019\/12\/osfm-NazivInNaslov.jpg\" alt=\"\" width=\"260\" height=\"87\"><\/td>\n<td><img loading=\"lazy\" decoding=\"async\" class=\"wp-image-74 aligncenter\" src=\"http:\/\/osfm-splet.splet.arnes.si\/files\/2015\/03\/logo.png\" alt=\"\" width=\"100\" height=\"100\" srcset=\"https:\/\/osfm-splet.splet.arnes.si\/files\/2015\/03\/logo.png 300w, https:\/\/osfm-splet.splet.arnes.si\/files\/2015\/03\/logo-150x150.png 150w\" sizes=\"(max-width: 100px) 100vw, 100px\" \/><\/td>\n<td><img loading=\"lazy\" decoding=\"async\" class=\"wp-image-22035 alignnone \" src=\"https:\/\/osfm-splet.splet.arnes.si\/files\/2022\/06\/Logo-MVI-slo.png\" alt=\"\" width=\"342\" height=\"37\"><\/td>\n<\/tr>\n<\/tbody>\n<\/table>\n<p>&nbsp;<\/p>\n<p>[\/et_pb_fullwidth_header][\/et_pb_section]<\/p>\n","protected":false},"excerpt":{"rendered":"<p>Varnost in zdravje &nbsp; \u0160ola je dol\u017ena zagotoviti varnost vseh udele\u017eencev procesov na \u0161oli. To dosegamo z razli\u010dnimi aktivnostmi na podro\u010dju vzgoje, zdravstvenega varstva, prometne varnosti, varnosti pri delu&nbsp;ter&nbsp;organizaciji spremstva in de\u017eurstva. S tem namenom bo \u0161ola: izvajala razli\u010dne aktivnosti in ukrepe za zagotavljanje varnosti, reda in discipline u\u010dencev terprepre\u010devanje nasilja, (de\u017eurstva u\u010diteljev, obravnava in [&hellip;]<\/p>\n","protected":false},"author":6245,"featured_media":0,"parent":0,"menu_order":0,"comment_status":"closed","ping_status":"closed","template":"page-template-blank.php","meta":{"_et_pb_use_builder":"on","_et_pb_old_content":"<p>\u0160ola je dol\u017ena zagotoviti varnost vseh udele\u017eencev procesov na \u0161oli. To dosega z razli\u010dnimi aktivnostmi na podro\u010dju zdravstvenega varstva, prometne varnosti, varnosti pri delu v u\u010dilnicah, spremstva in de\u017eurstva.<\/p><p>S tem namenom bo \u0161ola:<\/p><ul><li>izvajala razli\u010dne aktivnosti in ukrepe za zagotavljanje varnosti u\u010dencev in prepre\u010devanje nasilja, (de\u017eurstva u\u010diteljev, obravnava in spo\u0161tovanje hi\u0161nega reda, preventivne dejavnosti za prepre\u010devanje nasilja \u2013 predavanja, delavnice za u\u010dence, u\u010ditelje in star\u0161e, pravo\u010dasno in ustrezno ukrepanje v nevarnih situacijah \u2026),<\/li><li>oblikovala oddelke in skupine u\u010dencev v skladu z veljavnimi normativi in standardi,<\/li><li>na ekskurzijah, \u0161portnih, naravoslovnih, kulturnih dnevih ter te\u010dajih plavanja, kolesarjenja, smu\u010danja ipd. bo zagotovljeno ustrezno \u0161tevilo spremljevalcev v skladu z veljavnimi normativi in standardi in navodili za izvajanje u\u010dnih na\u010drtov,<\/li><li>zagotovila, da bodo objekti, igrala, u\u010dila, oprema in naprave v skladu z veljavnimi normativi in standardi ter zagotovila varno izvajanje dejavnosti,<\/li><li>zagotovila u\u010dencem ustrezno opremo, kadar bodo sodelovali pri urejanju \u0161ole in \u0161olske okolice,<\/li><li>izvajala dejavnosti prometne varnosti (kolesarski izpit v 5. r., na\u010drt \u0161olskih poti).<\/li><\/ul><p>Zaradi nemotenega poteka vzgojno-izobra\u017eevalnega dela v zavodu in zagotavljanja ve\u010dje varnosti, se v posameznih \u0161olskih prostorih vr\u0161ijo dnevna de\u017eurstva strokovnih delavcev. Strokovni delavci opravljajo naloge de\u017eurstva skladno z razporedom, ki ga na oglasni deski objavi ravnatelj zavoda. De\u017eurstvo v zavodu poteka na razredni stopnji med 7.10 in 13.00, na predmetni stopnji pa do 13.35 in v garderobi in jedilnici do 14.00.<\/p><hr \/><p><strong>Prometna varnost<\/strong><\/p><p>Za podro\u010dje prometne varnosti so na \u0161oli odgovorne mentorice prometne vzgoje in tudi ostali zaposleni. Prometna varnost je delno vklju\u010dena v u\u010dni program 3. in 4. razredov, nujna je tudi prometna vzgoja v 1. in 2. razredih, ki jo izvajajo razredne u\u010diteljice in u\u010ditelji v podalj\u0161anem bivanju. U\u010denci razredne stopnje vsako leto sodelujejo v projektih, ki jih organizira Ministrstvo za notranje zadeve ali Svet za preventivo in vzgojo v cestnem prometu. Za pomo\u010d vsako leto prosimo Policijsko postajo \u0160entjur in \u010dlane SPV-ja, ki skrbijo za varnost v na\u0161em \u0161olskem okoli\u0161u. V okvir prometne varnosti sodi tudi uspe\u0161no opravljen kolesarski izpit v 5. razredu devetletke.<\/p><hr \/><p><strong>Zdravstvena vzgoja<\/strong><\/p><p>Za u\u010dence 1., 3., 6. in 8. razreda so organizirani sistemati\u010dni pregledi z zdravstveno-vzgojnimi vsebinami. Prav tako so organizirani zobozdravstveni sistemati\u010dni pregledi za u\u010dence 1., 2., 4., 7. in 8. razreda. Za u\u010dence skrbi zdravnica Damjana \u017dolnik, dr. med., spec. \u0161ol. med., zobozdravstveno preventivo pa izvaja zobozdravnica Aleksandra Ferle\u017e, dr. dent. med., specialist pedontologije.<\/p><p>U\u010denci razredne stopnje bodo sodelovali v republi\u0161ki akciji tekmovanja za \u010diste zobe. Medicinska sestra naklju\u010dno pregleda izbran razred. Vsak u\u010denec, ki bo imel \u010diste zobe, si prislu\u017ei to\u010dko. Zmagovalni razred bo tisti, ki bo ob koncu \u0161olskega leta zbral najve\u010d to\u010dk.<\/p><p>Letni na\u010drt\u00a0zdravstvene\u00a0vzgoje\u00a0je priloga\u00a0LDN.<\/p>","_et_gb_content_width":"","ngg_post_thumbnail":0,"footnotes":"","_expiration-date-status":"","_expiration-date":0,"_expiration-date-type":"","_expiration-date-categories":[],"_expiration-date-options":[]},"class_list":["post-9571","page","type-page","status-publish","hentry"],"_links":{"self":[{"href":"https:\/\/osfm-splet.splet.arnes.si\/index.php?rest_route=\/wp\/v2\/pages\/9571","targetHints":{"allow":["GET"]}}],"collection":[{"href":"https:\/\/osfm-splet.splet.arnes.si\/index.php?rest_route=\/wp\/v2\/pages"}],"about":[{"href":"https:\/\/osfm-splet.splet.arnes.si\/index.php?rest_route=\/wp\/v2\/types\/page"}],"author":[{"embeddable":true,"href":"https:\/\/osfm-splet.splet.arnes.si\/index.php?rest_route=\/wp\/v2\/users\/6245"}],"replies":[{"embeddable":true,"href":"https:\/\/osfm-splet.splet.arnes.si\/index.php?rest_route=%2Fwp%2Fv2%2Fcomments&post=9571"}],"version-history":[{"count":15,"href":"https:\/\/osfm-splet.splet.arnes.si\/index.php?rest_route=\/wp\/v2\/pages\/9571\/revisions"}],"predecessor-version":[{"id":28599,"href":"https:\/\/osfm-splet.splet.arnes.si\/index.php?rest_route=\/wp\/v2\/pages\/9571\/revisions\/28599"}],"wp:attachment":[{"href":"https:\/\/osfm-splet.splet.arnes.si\/index.php?rest_route=%2Fwp%2Fv2%2Fmedia&parent=9571"}],"curies":[{"name":"wp","href":"https:\/\/api.w.org\/{rel}","templated":true}]}}