{"id":9191,"date":"2019-10-29T12:05:43","date_gmt":"2019-10-29T11:05:43","guid":{"rendered":"http:\/\/osfm-splet.splet.arnes.si\/?page_id=9191"},"modified":"2025-10-08T10:01:40","modified_gmt":"2025-10-08T08:01:40","slug":"dosezki","status":"publish","type":"page","link":"https:\/\/osfm-splet.splet.arnes.si\/?page_id=9191","title":{"rendered":"Tekmovanja"},"content":{"rendered":"<p>[et_pb_section fb_built=&#8221;1&#8243; fullwidth=&#8221;on&#8221; admin_label=&#8221;section&#8221; _builder_version=&#8221;4.27.4&#8243; background_color=&#8221;rgba(255,255,255,0)&#8221; background_image=&#8221;http:\/\/osfm-splet.splet.arnes.si\/files\/2015\/06\/osfm1.jpg&#8221; background_enable_image=&#8221;off&#8221; custom_padding=&#8221;||1px|&#8221; transparent_background=&#8221;on&#8221; make_fullwidth=&#8221;off&#8221; use_custom_width=&#8221;off&#8221; width_unit=&#8221;on&#8221; global_module=&#8221;10997&#8243; locked=&#8221;off&#8221; collapsed=&#8221;on&#8221; global_colors_info=&#8221;{}&#8221;][et_pb_fullwidth_slider use_bg_overlay=&#8221;off&#8221; use_text_overlay=&#8221;off&#8221; admin_label=&#8221;Slike \u0161ole&#8221; _builder_version=&#8221;4.27.0&#8243; vertical_offset_tablet=&#8221;0&#8243; horizontal_offset_tablet=&#8221;0&#8243; custom_padding=&#8221;|||&#8221; auto=&#8221;on&#8221; auto_speed=&#8221;10000&#8243; link_option_url=&#8221;www.fmalgaja.si&#8221; z_index_tablet=&#8221;0&#8243; header_text_shadow_horizontal_length_tablet=&#8221;0px&#8221; header_text_shadow_vertical_length_tablet=&#8221;0px&#8221; header_text_shadow_blur_strength_tablet=&#8221;1px&#8221; body_text_shadow_horizontal_length_tablet=&#8221;0px&#8221; body_text_shadow_vertical_length_tablet=&#8221;0px&#8221; body_text_shadow_blur_strength_tablet=&#8221;1px&#8221; body_link_text_shadow_horizontal_length_tablet=&#8221;0px&#8221; body_link_text_shadow_vertical_length_tablet=&#8221;0px&#8221; body_link_text_shadow_blur_strength_tablet=&#8221;1px&#8221; body_ul_text_shadow_horizontal_length_tablet=&#8221;0px&#8221; body_ul_text_shadow_vertical_length_tablet=&#8221;0px&#8221; body_ul_text_shadow_blur_strength_tablet=&#8221;1px&#8221; body_ol_text_shadow_horizontal_length_tablet=&#8221;0px&#8221; body_ol_text_shadow_vertical_length_tablet=&#8221;0px&#8221; body_ol_text_shadow_blur_strength_tablet=&#8221;1px&#8221; body_quote_text_shadow_horizontal_length_tablet=&#8221;0px&#8221; body_quote_text_shadow_vertical_length_tablet=&#8221;0px&#8221; body_quote_text_shadow_blur_strength_tablet=&#8221;1px&#8221; button_text_shadow_horizontal_length_tablet=&#8221;0px&#8221; button_text_shadow_vertical_length_tablet=&#8221;0px&#8221; button_text_shadow_blur_strength_tablet=&#8221;1px&#8221; box_shadow_style=&#8221;preset6&#8243; box_shadow_horizontal_image_tablet=&#8221;0px&#8221; box_shadow_vertical_image_tablet=&#8221;0px&#8221; box_shadow_blur_image_tablet=&#8221;40px&#8221; box_shadow_spread_image_tablet=&#8221;0px&#8221; box_shadow_horizontal_button_tablet=&#8221;0px&#8221; box_shadow_vertical_button_tablet=&#8221;0px&#8221; box_shadow_blur_button_tablet=&#8221;40px&#8221; box_shadow_spread_button_tablet=&#8221;0px&#8221; text_shadow_horizontal_length_tablet=&#8221;0px&#8221; text_shadow_vertical_length_tablet=&#8221;0px&#8221; text_shadow_blur_strength_tablet=&#8221;1px&#8221; remove_inner_shadow=&#8221;off&#8221; hide_content_on_mobile=&#8221;off&#8221; hide_cta_on_mobile=&#8221;off&#8221; show_inner_shadow=&#8221;on&#8221; button_letter_spacing_hover=&#8221;0&#8243; locked=&#8221;off&#8221; global_colors_info=&#8221;{}&#8221; button_text_size__hover_enabled=&#8221;off&#8221; button_text_size__hover=&#8221;null&#8221; button_one_text_size__hover_enabled=&#8221;off&#8221; button_one_text_size__hover=&#8221;null&#8221; button_two_text_size__hover_enabled=&#8221;off&#8221; button_two_text_size__hover=&#8221;null&#8221; button_text_color__hover_enabled=&#8221;off&#8221; button_text_color__hover=&#8221;null&#8221; button_one_text_color__hover_enabled=&#8221;off&#8221; button_one_text_color__hover=&#8221;null&#8221; button_two_text_color__hover_enabled=&#8221;off&#8221; button_two_text_color__hover=&#8221;null&#8221; button_border_width__hover_enabled=&#8221;off&#8221; button_border_width__hover=&#8221;null&#8221; button_one_border_width__hover_enabled=&#8221;off&#8221; button_one_border_width__hover=&#8221;null&#8221; button_two_border_width__hover_enabled=&#8221;off&#8221; button_two_border_width__hover=&#8221;null&#8221; button_border_color__hover_enabled=&#8221;off&#8221; button_border_color__hover=&#8221;null&#8221; button_one_border_color__hover_enabled=&#8221;off&#8221; button_one_border_color__hover=&#8221;null&#8221; button_two_border_color__hover_enabled=&#8221;off&#8221; button_two_border_color__hover=&#8221;null&#8221; button_border_radius__hover_enabled=&#8221;off&#8221; button_border_radius__hover=&#8221;null&#8221; button_one_border_radius__hover_enabled=&#8221;off&#8221; button_one_border_radius__hover=&#8221;null&#8221; button_two_border_radius__hover_enabled=&#8221;off&#8221; button_two_border_radius__hover=&#8221;null&#8221; button_letter_spacing__hover_enabled=&#8221;on&#8221; button_letter_spacing__hover=&#8221;0&#8243; button_one_letter_spacing__hover_enabled=&#8221;off&#8221; button_one_letter_spacing__hover=&#8221;null&#8221; button_two_letter_spacing__hover_enabled=&#8221;off&#8221; button_two_letter_spacing__hover=&#8221;null&#8221; button_bg_color__hover_enabled=&#8221;off&#8221; button_bg_color__hover=&#8221;null&#8221; button_one_bg_color__hover_enabled=&#8221;off&#8221; button_one_bg_color__hover=&#8221;null&#8221; button_two_bg_color__hover_enabled=&#8221;off&#8221; button_two_bg_color__hover=&#8221;null&#8221;][et_pb_slide heading=&#8221;O\u0160 Franja Malgaja \u0160entjur&#8221; _builder_version=&#8221;4.16&#8243; background_color=&#8221;#ffffff&#8221; background_image=&#8221;https:\/\/osfm-splet.splet.arnes.si\/files\/2015\/08\/osfm1.jpg&#8221; background_enable_image=&#8221;on&#8221; locked=&#8221;off&#8221; global_colors_info=&#8221;{}&#8221; button_text_size__hover_enabled=&#8221;off&#8221; button_one_text_size__hover_enabled=&#8221;off&#8221; button_two_text_size__hover_enabled=&#8221;off&#8221; button_text_color__hover_enabled=&#8221;off&#8221; button_one_text_color__hover_enabled=&#8221;off&#8221; button_two_text_color__hover_enabled=&#8221;off&#8221; button_border_width__hover_enabled=&#8221;off&#8221; button_one_border_width__hover_enabled=&#8221;off&#8221; button_two_border_width__hover_enabled=&#8221;off&#8221; button_border_color__hover_enabled=&#8221;off&#8221; button_one_border_color__hover_enabled=&#8221;off&#8221; button_two_border_color__hover_enabled=&#8221;off&#8221; button_border_radius__hover_enabled=&#8221;off&#8221; button_one_border_radius__hover_enabled=&#8221;off&#8221; button_two_border_radius__hover_enabled=&#8221;off&#8221; button_letter_spacing__hover_enabled=&#8221;off&#8221; button_one_letter_spacing__hover_enabled=&#8221;off&#8221; button_two_letter_spacing__hover_enabled=&#8221;off&#8221; button_bg_color__hover_enabled=&#8221;off&#8221; button_one_bg_color__hover_enabled=&#8221;off&#8221; button_two_bg_color__hover_enabled=&#8221;off&#8221; sticky_transition=&#8221;on&#8221;][\/et_pb_slide][et_pb_slide heading=&#8221;O\u0160 Franja Malgaja \u0160entjur&#8221; _builder_version=&#8221;4.16&#8243; background_color=&#8221;#ffffff&#8221; background_image=&#8221;https:\/\/osfm-splet.splet.arnes.si\/files\/2015\/06\/osfm2.jpg&#8221; background_enable_image=&#8221;on&#8221; locked=&#8221;off&#8221; global_colors_info=&#8221;{}&#8221; button_text_size__hover_enabled=&#8221;off&#8221; button_one_text_size__hover_enabled=&#8221;off&#8221; button_two_text_size__hover_enabled=&#8221;off&#8221; button_text_color__hover_enabled=&#8221;off&#8221; button_one_text_color__hover_enabled=&#8221;off&#8221; button_two_text_color__hover_enabled=&#8221;off&#8221; button_border_width__hover_enabled=&#8221;off&#8221; button_one_border_width__hover_enabled=&#8221;off&#8221; button_two_border_width__hover_enabled=&#8221;off&#8221; button_border_color__hover_enabled=&#8221;off&#8221; button_one_border_color__hover_enabled=&#8221;off&#8221; button_two_border_color__hover_enabled=&#8221;off&#8221; button_border_radius__hover_enabled=&#8221;off&#8221; button_one_border_radius__hover_enabled=&#8221;off&#8221; button_two_border_radius__hover_enabled=&#8221;off&#8221; button_letter_spacing__hover_enabled=&#8221;off&#8221; button_one_letter_spacing__hover_enabled=&#8221;off&#8221; button_two_letter_spacing__hover_enabled=&#8221;off&#8221; button_bg_color__hover_enabled=&#8221;off&#8221; button_one_bg_color__hover_enabled=&#8221;off&#8221; button_two_bg_color__hover_enabled=&#8221;off&#8221; sticky_transition=&#8221;on&#8221;][\/et_pb_slide][et_pb_slide heading=&#8221;O\u0160 Franja Malgaja \u0160entjur&#8221; _builder_version=&#8221;4.16&#8243; background_color=&#8221;#ffffff&#8221; background_image=&#8221;https:\/\/osfm-splet.splet.arnes.si\/files\/2015\/06\/osfm3.jpg&#8221; background_enable_image=&#8221;on&#8221; locked=&#8221;off&#8221; global_colors_info=&#8221;{}&#8221; button_text_size__hover_enabled=&#8221;off&#8221; button_one_text_size__hover_enabled=&#8221;off&#8221; button_two_text_size__hover_enabled=&#8221;off&#8221; button_text_color__hover_enabled=&#8221;off&#8221; button_one_text_color__hover_enabled=&#8221;off&#8221; button_two_text_color__hover_enabled=&#8221;off&#8221; button_border_width__hover_enabled=&#8221;off&#8221; button_one_border_width__hover_enabled=&#8221;off&#8221; button_two_border_width__hover_enabled=&#8221;off&#8221; button_border_color__hover_enabled=&#8221;off&#8221; button_one_border_color__hover_enabled=&#8221;off&#8221; button_two_border_color__hover_enabled=&#8221;off&#8221; button_border_radius__hover_enabled=&#8221;off&#8221; button_one_border_radius__hover_enabled=&#8221;off&#8221; button_two_border_radius__hover_enabled=&#8221;off&#8221; button_letter_spacing__hover_enabled=&#8221;off&#8221; button_one_letter_spacing__hover_enabled=&#8221;off&#8221; button_two_letter_spacing__hover_enabled=&#8221;off&#8221; button_bg_color__hover_enabled=&#8221;off&#8221; button_one_bg_color__hover_enabled=&#8221;off&#8221; button_two_bg_color__hover_enabled=&#8221;off&#8221; sticky_transition=&#8221;on&#8221;][\/et_pb_slide][\/et_pb_fullwidth_slider][et_pb_fullwidth_menu menu_id=&#8221;57&#8243; menu_style=&#8221;centered&#8221; submenu_direction=&#8221;downwards&#8221; fullwidth_menu=&#8221;off&#8221; active_link_color=&#8221;#FFFFFF&#8221; admin_label=&#8221;Glavni Meni&#8221; module_id=&#8221;velikost-menija&#8221; _builder_version=&#8221;4.27.4&#8243; menu_font=&#8221;|on|||&#8221; menu_text_color=&#8221;#FFFFFF&#8221; menu_font_size=&#8221;15px&#8221; background_color=&#8221;#1269b0&#8243; background_color_tablet=&#8221;#ffffff&#8221; background_color_phone=&#8221;#ffffff&#8221; background_last_edited=&#8221;on|tablet&#8221; background_enable_color_tablet=&#8221;on&#8221; background_enable_color_phone=&#8221;on&#8221; global_colors_info=&#8221;{}&#8221;][\/et_pb_fullwidth_menu][\/et_pb_section][et_pb_section fb_built=&#8221;1&#8243; admin_label=&#8221;section&#8221; _builder_version=&#8221;4.16&#8243; global_colors_info=&#8221;{}&#8221;][et_pb_row admin_label=&#8221;row&#8221; _builder_version=&#8221;4.16&#8243; background_size=&#8221;initial&#8221; background_position=&#8221;top_left&#8221; background_repeat=&#8221;repeat&#8221; global_colors_info=&#8221;{}&#8221;][et_pb_column type=&#8221;4_4&#8243; _builder_version=&#8221;4.16&#8243; custom_padding=&#8221;|||&#8221; global_colors_info=&#8221;{}&#8221; custom_padding__hover=&#8221;|||&#8221;][et_pb_text _builder_version=&#8221;4.27.4&#8243; background_size=&#8221;initial&#8221; background_position=&#8221;top_left&#8221; background_repeat=&#8221;repeat&#8221; hover_enabled=&#8221;0&#8243; use_border_color=&#8221;off&#8221; global_colors_info=&#8221;{}&#8221; sticky_enabled=&#8221;0&#8243;]<\/p>\n<h3>Tekmovanja v znanju<\/h3>\n<p>&nbsp;<\/p>\n<p>Tekmovanja v znanju ponujajo u\u010dencem \u0161tevilne prilo\u017enosti, da se izka\u017eejo in doka\u017eejo svoje znanje na razli\u010dnih podro\u010djih.\u00a0<\/p>\n<p>Udele\u017eba na tekmovanjih u\u010dencem ponuja nove izzive, ki jih bodo spodbudili k razmi\u0161ljanju in \u0161irjenju obzorij, poglabljanje znanja iz podro\u010dij, ki u\u010dence \u0161e posebej zanimajo, pridobivanje samozavesti in spoznanje novih prijateljev, ki delijo podobne interese in cilje \u2013\u00a0 tekmovanja so torej odli\u010dna prilo\u017enost za osebno rast in zabavno u\u010denje!<\/p>\n<p>Vabljeni torej, da se prijavite na tekmovanja, ki vam najbolj ustrezajo.<\/p>\n<p><a href=\"https:\/\/osfm-splet.splet.arnes.si\/files\/2025\/10\/seznam-tekmovanj25-26-popravek.pdf\" target=\"_blank\" rel=\"attachment noopener wp-att-27285\">Koledar tekmovanj v \u0161olskem letu 2025-2026<\/a><\/p>\n<p>[\/et_pb_text][\/et_pb_column][\/et_pb_row][\/et_pb_section][et_pb_section fb_built=&#8221;1&#8243; fullwidth=&#8221;on&#8221; disabled_on=&#8221;on|on|&#8221; admin_label=&#8221;Section&#8221; _builder_version=&#8221;4.27.4&#8243; vertical_offset_tablet=&#8221;0&#8243; horizontal_offset_tablet=&#8221;0&#8243; inner_width_phone=&#8221;50px&#8221; inner_max_width_tablet=&#8221;100px&#8221; inner_max_width_phone=&#8221;50px&#8221; custom_margin=&#8221;30px||||false|false&#8221; animation_style=&#8221;fade&#8221; box_shadow_horizontal_tablet=&#8221;0px&#8221; box_shadow_vertical_tablet=&#8221;0px&#8221; box_shadow_blur_tablet=&#8221;40px&#8221; box_shadow_spread_tablet=&#8221;0px&#8221; transparent_background=&#8221;off&#8221; make_fullwidth=&#8221;off&#8221; use_custom_width=&#8221;off&#8221; width_unit=&#8221;on&#8221; global_module=&#8221;10917&#8243; locked=&#8221;off&#8221; collapsed=&#8221;off&#8221; global_colors_info=&#8221;{}&#8221;][et_pb_fullwidth_header content_max_width=&#8221;none&#8221; admin_label=&#8221;Napisi in logo v nogi&#8221; _builder_version=&#8221;4.27.0&#8243; title_font_size=&#8221;14px&#8221; subhead_font_size=&#8221;14px&#8221; background_layout=&#8221;light&#8221; button_one_letter_spacing_hover=&#8221;0&#8243; button_two_letter_spacing_hover=&#8221;0&#8243; global_colors_info=&#8221;{}&#8221; button_one_text_size__hover_enabled=&#8221;off&#8221; button_one_text_size__hover=&#8221;null&#8221; button_two_text_size__hover_enabled=&#8221;off&#8221; button_two_text_size__hover=&#8221;null&#8221; button_one_text_color__hover_enabled=&#8221;off&#8221; button_one_text_color__hover=&#8221;null&#8221; button_two_text_color__hover_enabled=&#8221;off&#8221; button_two_text_color__hover=&#8221;null&#8221; button_one_border_width__hover_enabled=&#8221;off&#8221; button_one_border_width__hover=&#8221;null&#8221; button_two_border_width__hover_enabled=&#8221;off&#8221; button_two_border_width__hover=&#8221;null&#8221; button_one_border_color__hover_enabled=&#8221;off&#8221; button_one_border_color__hover=&#8221;null&#8221; button_two_border_color__hover_enabled=&#8221;off&#8221; button_two_border_color__hover=&#8221;null&#8221; button_one_border_radius__hover_enabled=&#8221;off&#8221; button_one_border_radius__hover=&#8221;null&#8221; button_two_border_radius__hover_enabled=&#8221;off&#8221; button_two_border_radius__hover=&#8221;null&#8221; button_one_letter_spacing__hover_enabled=&#8221;on&#8221; button_one_letter_spacing__hover=&#8221;0&#8243; button_two_letter_spacing__hover_enabled=&#8221;on&#8221; button_two_letter_spacing__hover=&#8221;0&#8243; button_one_bg_color__hover_enabled=&#8221;off&#8221; button_one_bg_color__hover=&#8221;null&#8221; button_two_bg_color__hover_enabled=&#8221;off&#8221; button_two_bg_color__hover=&#8221;null&#8221;]<\/p>\n<table bgcolor=\"#ffffff\">\n<tbody>\n<tr>\n<td><img loading=\"lazy\" decoding=\"async\" class=\"wp-image-18488 alignnone \" src=\"https:\/\/osfm-splet.splet.arnes.si\/files\/2019\/12\/osfm-NazivInNaslov.jpg\" alt=\"\" width=\"260\" height=\"87\"><\/td>\n<td><img loading=\"lazy\" decoding=\"async\" class=\"wp-image-74 aligncenter\" src=\"http:\/\/osfm-splet.splet.arnes.si\/files\/2015\/03\/logo.png\" alt=\"\" width=\"100\" height=\"100\" srcset=\"https:\/\/osfm-splet.splet.arnes.si\/files\/2015\/03\/logo.png 300w, https:\/\/osfm-splet.splet.arnes.si\/files\/2015\/03\/logo-150x150.png 150w\" sizes=\"(max-width: 100px) 100vw, 100px\" \/><\/td>\n<td><img loading=\"lazy\" decoding=\"async\" class=\"wp-image-22035 alignnone \" src=\"https:\/\/osfm-splet.splet.arnes.si\/files\/2022\/06\/Logo-MVI-slo.png\" alt=\"\" width=\"342\" height=\"37\"><\/td>\n<\/tr>\n<\/tbody>\n<\/table>\n<p>&nbsp;<\/p>\n<p>[\/et_pb_fullwidth_header][\/et_pb_section]<\/p>\n","protected":false},"excerpt":{"rendered":"<p>Tekmovanja v znanju &nbsp; Tekmovanja v znanju ponujajo u\u010dencem \u0161tevilne prilo\u017enosti, da se izka\u017eejo in doka\u017eejo svoje znanje na razli\u010dnih podro\u010djih.\u00a0 Udele\u017eba na tekmovanjih u\u010dencem ponuja nove izzive, ki jih bodo spodbudili k razmi\u0161ljanju in \u0161irjenju obzorij, poglabljanje znanja iz podro\u010dij, ki u\u010dence \u0161e posebej zanimajo, pridobivanje samozavesti in spoznanje novih prijateljev, ki delijo podobne [&hellip;]<\/p>\n","protected":false},"author":6245,"featured_media":0,"parent":0,"menu_order":0,"comment_status":"closed","ping_status":"closed","template":"page-template-blank.php","meta":{"_et_pb_use_builder":"on","_et_pb_old_content":"<p>U\u010ditelji \u0161ole zelo spodbujajo u\u010dence k sodelovanju na razli\u010dnih tekmovanjih v znanju iz posameznih predmetnih podro\u010dij. Dobre uvrstitve na\u00a0podro\u010dnem ali dr\u017eavnem nivoju prina\u0161ajo u\u010dencem to\u010dke za pridobitev \u0161tipendij, nekatera tekmovanja pa tudi to\u010dke za vpis v srednje \u0161ole.<\/p><p>U\u010denci se lahko vklju\u010dijo v naslednja tekmovanja:<\/p><table width=\"904\"><tbody><tr><td width=\"219\"><strong>Tekmovanje<\/strong><\/td><td width=\"236\"><strong>Nosilec<\/strong><\/td><td style=\"text-align: center;\" colspan=\"3\" width=\"150\"><strong>Dose\u017eki<\/strong><\/td><\/tr><tr><td width=\"219\">\u00a0<\/td><td width=\"236\">\u00a0<\/td><td width=\"150\"><strong>\u0161olsko<\/strong><\/td><td width=\"150\"><strong>podro\u010dno<\/strong><\/td><td width=\"150\"><strong>dr\u017eavno<\/strong><\/td><\/tr><tr><td width=\"219\">Slovenski jezik<\/td><td width=\"236\">Bojana Poto\u010dnik, Simona Zorko, Du\u0161ka Bele<\/td><td width=\"150\">\u00a0<\/td><td width=\"150\">\u00a0<\/td><td width=\"150\">\u00a0<\/td><\/tr><tr><td width=\"219\">Slovenska bralna zna\u010dka<\/td><td width=\"236\">Simona Fridl, Du\u0161ka Bele<\/td><td width=\"150\">\u00a0<\/td><td width=\"150\">\u00a0<\/td><td width=\"150\">\u00a0<\/td><\/tr><tr><td width=\"219\">Matematika<\/td><td width=\"236\">Zdenka Frece in Hedvika Pikl<\/td><td width=\"150\">\u00a0<\/td><td width=\"150\">\u00a0<\/td><td width=\"150\">\u00a0<\/td><\/tr><tr><td width=\"219\">Logika<\/td><td width=\"236\">Marija Kodrin<\/td><td width=\"150\">\u00a0<\/td><td width=\"150\">\u00a0<\/td><td width=\"150\">\u00a0<\/td><\/tr><tr><td width=\"219\">Angle\u0161ki jezik (9. r)<\/td><td width=\"236\">Ur\u0161ka Pal\u010dnik Krajcar<\/td><td width=\"150\">\u00a0<\/td><td width=\"150\">\u00a0<\/td><td width=\"150\">\u00a0<\/td><\/tr><tr><td width=\"219\">Angle\u0161ki jezik (8. r)<\/td><td width=\"236\">Maja Belej<\/td><td width=\"150\">\u00a0<\/td><td width=\"150\">\u00a0<\/td><td width=\"150\">\u00a0<\/td><\/tr><tr><td width=\"219\">Angle\u0161ka bralna zna\u010dka<\/td><td width=\"236\">Vse u\u010diteljice angle\u0161\u010dine<\/td><td width=\"150\">\u00a0<\/td><td width=\"150\">\u00a0<\/td><td width=\"150\">\u00a0<\/td><\/tr><tr><td width=\"219\">Fizika<\/td><td width=\"236\">Aleksandra Romih \u0160mid<\/td><td width=\"150\">\u00a0<\/td><td width=\"150\">\u00a0<\/td><td width=\"150\">\u00a0<\/td><\/tr><tr><td width=\"219\">Kemija<\/td><td width=\"236\">Nikolaj Ko\u017eelj<\/td><td width=\"150\">\u00a0<\/td><td width=\"150\">\u00a0<\/td><td width=\"150\">\u00a0<\/td><\/tr><tr><td width=\"219\">Zgodovina<\/td><td width=\"236\">Kornelija Smre\u010dnik<\/td><td width=\"150\">\u00a0<\/td><td width=\"150\">\u00a0<\/td><td width=\"150\">\u00a0<\/td><\/tr><tr><td width=\"219\">Geografija<\/td><td width=\"236\">Nina Hriber\u0161ek<\/td><td width=\"150\">\u00a0<\/td><td width=\"150\">\u00a0<\/td><td width=\"150\">\u00a0<\/td><\/tr><tr><td width=\"219\">Biologija<\/td><td width=\"236\">Barbara Opre\u0161nik<\/td><td width=\"150\">\u00a0<\/td><td width=\"150\">\u00a0<\/td><td width=\"150\">\u00a0<\/td><\/tr><tr><td width=\"219\">Sladkorna bolezen<\/td><td width=\"236\">Nikolaj Ko\u017eelj<\/td><td width=\"150\">\u00a0<\/td><td width=\"150\">\u00a0<\/td><td width=\"150\">\u00a0<\/td><\/tr><tr><td width=\"219\">Astronomija<\/td><td width=\"236\">Aleksandra Romih \u0160mid<\/td><td width=\"150\">\u00a0<\/td><td width=\"150\">\u00a0<\/td><td width=\"150\">\u00a0<\/td><\/tr><tr><td width=\"219\">Mladi raziskovalci<\/td><td width=\"236\">Jo\u017eica Novak, Barbara Opre\u0161nik<\/td><td width=\"150\">\u00a0<\/td><td width=\"150\">\u00a0<\/td><td width=\"150\">\u00a0<\/td><\/tr><tr><td width=\"219\">Vesela \u0161ola<\/td><td width=\"236\">Marija Pezdev\u0161ek, Alenka Kalan, Hedvika Pikl<\/td><td width=\"150\">\u00a0<\/td><td width=\"150\">\u00a0<\/td><td width=\"150\">\u00a0<\/td><\/tr><tr><td width=\"219\">\u0160portna tekmovanja<\/td><td width=\"236\">Nada Ad\u017ei\u0107, Vlado Artnak, Rok Novak, Uro\u0161 Cingl<\/td><td width=\"150\">\u00a0<\/td><td width=\"150\">\u00a0<\/td><td width=\"150\">\u00a0<\/td><\/tr><tr><td width=\"219\">Revija OPZ\/MPZ<\/td><td width=\"236\">Melita Ra\u010de\u010di\u010d Prevodnik<\/td><td width=\"150\">\u00a0<\/td><td width=\"150\">\u00a0<\/td><td width=\"150\">\u00a0<\/td><\/tr><tr><td width=\"219\">\u0160olski plesni festival<\/td><td width=\"236\">Melita Ra\u010de\u010di\u010d Prevodnik, Monika Zupanec<\/td><td width=\"150\">\u00a0<\/td><td width=\"150\">\u00a0<\/td><td width=\"150\">\u00a0<\/td><\/tr><tr><td width=\"219\">Male sive celice<\/td><td width=\"236\">Barbara Opre\u0161nik<\/td><td width=\"150\">\u00a0<\/td><td width=\"150\">\u00a0<\/td><td width=\"150\">\u00a0<\/td><\/tr><tr><td width=\"219\">Ra\u010dunalni\u0161tvo \u2013 opp<\/td><td width=\"236\">Jo\u017eica Novak<\/td><td width=\"150\">\u00a0<\/td><td width=\"150\">\u00a0<\/td><td width=\"150\">\u00a0<\/td><\/tr><tr><td width=\"219\">Bober<\/td><td width=\"236\">Marija Pezdev\u0161ek, Breda Pavli\u010d, Alenka Gradi\u0161nik<\/td><td width=\"150\">\u00a0<\/td><td width=\"150\">\u00a0<\/td><td width=\"150\">\u00a0<\/td><\/tr><tr><td width=\"219\">Mehur\u010dki<\/td><td width=\"236\">Laura Senger Jakon\u010di\u010d, Du\u0161ka Bele<\/td><td width=\"150\">\u00a0<\/td><td width=\"150\">\u00a0<\/td><td width=\"150\">\u00a0<\/td><\/tr><tr><td width=\"219\">Mladi tehniki - opp<\/td><td width=\"236\">Jo\u017eica Novak<\/td><td width=\"150\">\u00a0<\/td><td width=\"150\">\u00a0<\/td><td width=\"150\">\u00a0<\/td><\/tr><tr><td width=\"219\">Ra\u010dunanje je igra<\/td><td width=\"236\">Petra Artnak<\/td><td width=\"150\">\u00a0<\/td><td width=\"150\">\u00a0<\/td><td width=\"150\">\u00a0<\/td><\/tr><tr><td width=\"219\">Knji\u017eevnost na filmu 8<\/td><td width=\"236\">Simona Zorko, Katja Gaj\u0161ek<\/td><td width=\"150\">\u00a0<\/td><td width=\"150\">\u00a0<\/td><td width=\"150\">\u00a0<\/td><\/tr><tr><td width=\"219\">Robotika<\/td><td width=\"236\">Branko Vizjak<\/td><td width=\"150\">\u00a0<\/td><td width=\"150\">\u00a0<\/td><td width=\"150\">\u00a0<\/td><\/tr><\/tbody><\/table><p>\u00a0<\/p>","_et_gb_content_width":"","ngg_post_thumbnail":0,"footnotes":"","_expiration-date-status":"","_expiration-date":0,"_expiration-date-type":"","_expiration-date-categories":[],"_expiration-date-options":[]},"class_list":["post-9191","page","type-page","status-publish","hentry"],"_links":{"self":[{"href":"https:\/\/osfm-splet.splet.arnes.si\/index.php?rest_route=\/wp\/v2\/pages\/9191","targetHints":{"allow":["GET"]}}],"collection":[{"href":"https:\/\/osfm-splet.splet.arnes.si\/index.php?rest_route=\/wp\/v2\/pages"}],"about":[{"href":"https:\/\/osfm-splet.splet.arnes.si\/index.php?rest_route=\/wp\/v2\/types\/page"}],"author":[{"embeddable":true,"href":"https:\/\/osfm-splet.splet.arnes.si\/index.php?rest_route=\/wp\/v2\/users\/6245"}],"replies":[{"embeddable":true,"href":"https:\/\/osfm-splet.splet.arnes.si\/index.php?rest_route=%2Fwp%2Fv2%2Fcomments&post=9191"}],"version-history":[{"count":15,"href":"https:\/\/osfm-splet.splet.arnes.si\/index.php?rest_route=\/wp\/v2\/pages\/9191\/revisions"}],"predecessor-version":[{"id":31376,"href":"https:\/\/osfm-splet.splet.arnes.si\/index.php?rest_route=\/wp\/v2\/pages\/9191\/revisions\/31376"}],"wp:attachment":[{"href":"https:\/\/osfm-splet.splet.arnes.si\/index.php?rest_route=%2Fwp%2Fv2%2Fmedia&parent=9191"}],"curies":[{"name":"wp","href":"https:\/\/api.w.org\/{rel}","templated":true}]}}