{"id":8919,"date":"2019-10-05T14:24:51","date_gmt":"2019-10-05T12:24:51","guid":{"rendered":"http:\/\/osfm-splet.splet.arnes.si\/?page_id=8919"},"modified":"2025-01-30T09:46:43","modified_gmt":"2025-01-30T08:46:43","slug":"vrednote-in-nacela","status":"publish","type":"page","link":"https:\/\/osfm-splet.splet.arnes.si\/?page_id=8919","title":{"rendered":"Vrednote in na\u010dela"},"content":{"rendered":"<p>[et_pb_section fb_built=&#8221;1&#8243; fullwidth=&#8221;on&#8221; admin_label=&#8221;section&#8221; _builder_version=&#8221;4.27.4&#8243; background_color=&#8221;rgba(255,255,255,0)&#8221; background_image=&#8221;http:\/\/osfm-splet.splet.arnes.si\/files\/2015\/06\/osfm1.jpg&#8221; background_enable_image=&#8221;off&#8221; custom_padding=&#8221;||1px|&#8221; transparent_background=&#8221;on&#8221; make_fullwidth=&#8221;off&#8221; use_custom_width=&#8221;off&#8221; width_unit=&#8221;on&#8221; global_module=&#8221;10997&#8243; locked=&#8221;off&#8221; global_colors_info=&#8221;{}&#8221;][et_pb_fullwidth_slider use_bg_overlay=&#8221;off&#8221; use_text_overlay=&#8221;off&#8221; admin_label=&#8221;Slike \u0161ole&#8221; _builder_version=&#8221;4.27.0&#8243; vertical_offset_tablet=&#8221;0&#8243; horizontal_offset_tablet=&#8221;0&#8243; custom_padding=&#8221;|||&#8221; auto=&#8221;on&#8221; auto_speed=&#8221;10000&#8243; link_option_url=&#8221;www.fmalgaja.si&#8221; z_index_tablet=&#8221;0&#8243; header_text_shadow_horizontal_length_tablet=&#8221;0px&#8221; header_text_shadow_vertical_length_tablet=&#8221;0px&#8221; header_text_shadow_blur_strength_tablet=&#8221;1px&#8221; body_text_shadow_horizontal_length_tablet=&#8221;0px&#8221; body_text_shadow_vertical_length_tablet=&#8221;0px&#8221; body_text_shadow_blur_strength_tablet=&#8221;1px&#8221; body_link_text_shadow_horizontal_length_tablet=&#8221;0px&#8221; body_link_text_shadow_vertical_length_tablet=&#8221;0px&#8221; body_link_text_shadow_blur_strength_tablet=&#8221;1px&#8221; body_ul_text_shadow_horizontal_length_tablet=&#8221;0px&#8221; body_ul_text_shadow_vertical_length_tablet=&#8221;0px&#8221; body_ul_text_shadow_blur_strength_tablet=&#8221;1px&#8221; body_ol_text_shadow_horizontal_length_tablet=&#8221;0px&#8221; body_ol_text_shadow_vertical_length_tablet=&#8221;0px&#8221; body_ol_text_shadow_blur_strength_tablet=&#8221;1px&#8221; body_quote_text_shadow_horizontal_length_tablet=&#8221;0px&#8221; body_quote_text_shadow_vertical_length_tablet=&#8221;0px&#8221; body_quote_text_shadow_blur_strength_tablet=&#8221;1px&#8221; button_text_shadow_horizontal_length_tablet=&#8221;0px&#8221; button_text_shadow_vertical_length_tablet=&#8221;0px&#8221; button_text_shadow_blur_strength_tablet=&#8221;1px&#8221; box_shadow_style=&#8221;preset6&#8243; box_shadow_horizontal_image_tablet=&#8221;0px&#8221; box_shadow_vertical_image_tablet=&#8221;0px&#8221; box_shadow_blur_image_tablet=&#8221;40px&#8221; box_shadow_spread_image_tablet=&#8221;0px&#8221; box_shadow_horizontal_button_tablet=&#8221;0px&#8221; box_shadow_vertical_button_tablet=&#8221;0px&#8221; box_shadow_blur_button_tablet=&#8221;40px&#8221; box_shadow_spread_button_tablet=&#8221;0px&#8221; text_shadow_horizontal_length_tablet=&#8221;0px&#8221; text_shadow_vertical_length_tablet=&#8221;0px&#8221; text_shadow_blur_strength_tablet=&#8221;1px&#8221; remove_inner_shadow=&#8221;off&#8221; hide_content_on_mobile=&#8221;off&#8221; hide_cta_on_mobile=&#8221;off&#8221; show_inner_shadow=&#8221;on&#8221; button_letter_spacing_hover=&#8221;0&#8243; locked=&#8221;off&#8221; global_colors_info=&#8221;{}&#8221; button_text_size__hover_enabled=&#8221;off&#8221; button_text_size__hover=&#8221;null&#8221; button_one_text_size__hover_enabled=&#8221;off&#8221; button_one_text_size__hover=&#8221;null&#8221; button_two_text_size__hover_enabled=&#8221;off&#8221; button_two_text_size__hover=&#8221;null&#8221; button_text_color__hover_enabled=&#8221;off&#8221; button_text_color__hover=&#8221;null&#8221; button_one_text_color__hover_enabled=&#8221;off&#8221; button_one_text_color__hover=&#8221;null&#8221; button_two_text_color__hover_enabled=&#8221;off&#8221; button_two_text_color__hover=&#8221;null&#8221; button_border_width__hover_enabled=&#8221;off&#8221; button_border_width__hover=&#8221;null&#8221; button_one_border_width__hover_enabled=&#8221;off&#8221; button_one_border_width__hover=&#8221;null&#8221; button_two_border_width__hover_enabled=&#8221;off&#8221; button_two_border_width__hover=&#8221;null&#8221; button_border_color__hover_enabled=&#8221;off&#8221; button_border_color__hover=&#8221;null&#8221; button_one_border_color__hover_enabled=&#8221;off&#8221; button_one_border_color__hover=&#8221;null&#8221; button_two_border_color__hover_enabled=&#8221;off&#8221; button_two_border_color__hover=&#8221;null&#8221; button_border_radius__hover_enabled=&#8221;off&#8221; button_border_radius__hover=&#8221;null&#8221; button_one_border_radius__hover_enabled=&#8221;off&#8221; button_one_border_radius__hover=&#8221;null&#8221; button_two_border_radius__hover_enabled=&#8221;off&#8221; button_two_border_radius__hover=&#8221;null&#8221; button_letter_spacing__hover_enabled=&#8221;on&#8221; button_letter_spacing__hover=&#8221;0&#8243; button_one_letter_spacing__hover_enabled=&#8221;off&#8221; button_one_letter_spacing__hover=&#8221;null&#8221; button_two_letter_spacing__hover_enabled=&#8221;off&#8221; button_two_letter_spacing__hover=&#8221;null&#8221; button_bg_color__hover_enabled=&#8221;off&#8221; button_bg_color__hover=&#8221;null&#8221; button_one_bg_color__hover_enabled=&#8221;off&#8221; button_one_bg_color__hover=&#8221;null&#8221; button_two_bg_color__hover_enabled=&#8221;off&#8221; button_two_bg_color__hover=&#8221;null&#8221;][et_pb_slide heading=&#8221;O\u0160 Franja Malgaja \u0160entjur&#8221; _builder_version=&#8221;4.16&#8243; background_color=&#8221;#ffffff&#8221; background_image=&#8221;https:\/\/osfm-splet.splet.arnes.si\/files\/2015\/08\/osfm1.jpg&#8221; background_enable_image=&#8221;on&#8221; locked=&#8221;off&#8221; global_colors_info=&#8221;{}&#8221; button_text_size__hover_enabled=&#8221;off&#8221; button_one_text_size__hover_enabled=&#8221;off&#8221; button_two_text_size__hover_enabled=&#8221;off&#8221; button_text_color__hover_enabled=&#8221;off&#8221; button_one_text_color__hover_enabled=&#8221;off&#8221; button_two_text_color__hover_enabled=&#8221;off&#8221; button_border_width__hover_enabled=&#8221;off&#8221; button_one_border_width__hover_enabled=&#8221;off&#8221; button_two_border_width__hover_enabled=&#8221;off&#8221; button_border_color__hover_enabled=&#8221;off&#8221; button_one_border_color__hover_enabled=&#8221;off&#8221; button_two_border_color__hover_enabled=&#8221;off&#8221; button_border_radius__hover_enabled=&#8221;off&#8221; button_one_border_radius__hover_enabled=&#8221;off&#8221; button_two_border_radius__hover_enabled=&#8221;off&#8221; button_letter_spacing__hover_enabled=&#8221;off&#8221; button_one_letter_spacing__hover_enabled=&#8221;off&#8221; button_two_letter_spacing__hover_enabled=&#8221;off&#8221; button_bg_color__hover_enabled=&#8221;off&#8221; button_one_bg_color__hover_enabled=&#8221;off&#8221; button_two_bg_color__hover_enabled=&#8221;off&#8221; sticky_transition=&#8221;on&#8221;][\/et_pb_slide][et_pb_slide heading=&#8221;O\u0160 Franja Malgaja \u0160entjur&#8221; _builder_version=&#8221;4.16&#8243; background_color=&#8221;#ffffff&#8221; background_image=&#8221;https:\/\/osfm-splet.splet.arnes.si\/files\/2015\/06\/osfm2.jpg&#8221; background_enable_image=&#8221;on&#8221; locked=&#8221;off&#8221; global_colors_info=&#8221;{}&#8221; button_text_size__hover_enabled=&#8221;off&#8221; button_one_text_size__hover_enabled=&#8221;off&#8221; button_two_text_size__hover_enabled=&#8221;off&#8221; button_text_color__hover_enabled=&#8221;off&#8221; button_one_text_color__hover_enabled=&#8221;off&#8221; button_two_text_color__hover_enabled=&#8221;off&#8221; button_border_width__hover_enabled=&#8221;off&#8221; button_one_border_width__hover_enabled=&#8221;off&#8221; button_two_border_width__hover_enabled=&#8221;off&#8221; button_border_color__hover_enabled=&#8221;off&#8221; button_one_border_color__hover_enabled=&#8221;off&#8221; button_two_border_color__hover_enabled=&#8221;off&#8221; button_border_radius__hover_enabled=&#8221;off&#8221; button_one_border_radius__hover_enabled=&#8221;off&#8221; button_two_border_radius__hover_enabled=&#8221;off&#8221; button_letter_spacing__hover_enabled=&#8221;off&#8221; button_one_letter_spacing__hover_enabled=&#8221;off&#8221; button_two_letter_spacing__hover_enabled=&#8221;off&#8221; button_bg_color__hover_enabled=&#8221;off&#8221; button_one_bg_color__hover_enabled=&#8221;off&#8221; button_two_bg_color__hover_enabled=&#8221;off&#8221; sticky_transition=&#8221;on&#8221;][\/et_pb_slide][et_pb_slide heading=&#8221;O\u0160 Franja Malgaja \u0160entjur&#8221; _builder_version=&#8221;4.16&#8243; background_color=&#8221;#ffffff&#8221; background_image=&#8221;https:\/\/osfm-splet.splet.arnes.si\/files\/2015\/06\/osfm3.jpg&#8221; background_enable_image=&#8221;on&#8221; locked=&#8221;off&#8221; global_colors_info=&#8221;{}&#8221; button_text_size__hover_enabled=&#8221;off&#8221; button_one_text_size__hover_enabled=&#8221;off&#8221; button_two_text_size__hover_enabled=&#8221;off&#8221; button_text_color__hover_enabled=&#8221;off&#8221; button_one_text_color__hover_enabled=&#8221;off&#8221; button_two_text_color__hover_enabled=&#8221;off&#8221; button_border_width__hover_enabled=&#8221;off&#8221; button_one_border_width__hover_enabled=&#8221;off&#8221; button_two_border_width__hover_enabled=&#8221;off&#8221; button_border_color__hover_enabled=&#8221;off&#8221; button_one_border_color__hover_enabled=&#8221;off&#8221; button_two_border_color__hover_enabled=&#8221;off&#8221; button_border_radius__hover_enabled=&#8221;off&#8221; button_one_border_radius__hover_enabled=&#8221;off&#8221; button_two_border_radius__hover_enabled=&#8221;off&#8221; button_letter_spacing__hover_enabled=&#8221;off&#8221; button_one_letter_spacing__hover_enabled=&#8221;off&#8221; button_two_letter_spacing__hover_enabled=&#8221;off&#8221; button_bg_color__hover_enabled=&#8221;off&#8221; button_one_bg_color__hover_enabled=&#8221;off&#8221; button_two_bg_color__hover_enabled=&#8221;off&#8221; sticky_transition=&#8221;on&#8221;][\/et_pb_slide][\/et_pb_fullwidth_slider][et_pb_fullwidth_menu menu_id=&#8221;57&#8243; menu_style=&#8221;centered&#8221; submenu_direction=&#8221;downwards&#8221; fullwidth_menu=&#8221;off&#8221; active_link_color=&#8221;#FFFFFF&#8221; admin_label=&#8221;Glavni Meni&#8221; module_id=&#8221;velikost-menija&#8221; _builder_version=&#8221;4.27.4&#8243; menu_font=&#8221;|on|||&#8221; menu_text_color=&#8221;#FFFFFF&#8221; menu_font_size=&#8221;15px&#8221; background_color=&#8221;#1269b0&#8243; background_color_tablet=&#8221;#ffffff&#8221; background_color_phone=&#8221;#ffffff&#8221; background_last_edited=&#8221;on|tablet&#8221; background_enable_color_tablet=&#8221;on&#8221; background_enable_color_phone=&#8221;on&#8221; global_colors_info=&#8221;{}&#8221;][\/et_pb_fullwidth_menu][\/et_pb_section][et_pb_section fb_built=&#8221;1&#8243; admin_label=&#8221;section&#8221; _builder_version=&#8221;4.16&#8243; global_colors_info=&#8221;{}&#8221;][et_pb_row admin_label=&#8221;row&#8221; _builder_version=&#8221;4.16&#8243; background_size=&#8221;initial&#8221; background_position=&#8221;top_left&#8221; background_repeat=&#8221;repeat&#8221; global_colors_info=&#8221;{}&#8221;][et_pb_column type=&#8221;4_4&#8243; _builder_version=&#8221;4.16&#8243; custom_padding=&#8221;|||&#8221; global_colors_info=&#8221;{}&#8221; custom_padding__hover=&#8221;|||&#8221;][et_pb_text admin_label=&#8221;Text&#8221; _builder_version=&#8221;4.27.4&#8243; background_size=&#8221;initial&#8221; background_position=&#8221;top_left&#8221; background_repeat=&#8221;repeat&#8221; hover_enabled=&#8221;0&#8243; use_border_color=&#8221;off&#8221; border_color=&#8221;#ffffff&#8221; border_style=&#8221;solid&#8221; global_colors_info=&#8221;{}&#8221; sticky_enabled=&#8221;0&#8243;]<\/p>\n<h3>Vrednote in na\u010dela<\/h3>\n<p>&nbsp;<\/p>\n<p>Na \u0161oli smo izbrali naslednje vrednote, ki jim bomo sledili:<\/p>\n<ul>\n<li>ZNANJE IN ODLI\u010cNOST PRI DOSEGANJU CILJEV: biti odprti do pridobivanja znanja z razli\u010dnih podro\u010dij, do novosti, razvijanja uporabnega \u017eivljenjskega znanja, zanimanje za svet okoli sebe in ozave\u0161\u010denost do okolja ter izkazovanje odli\u010dnosti pri doseganju zadanih ciljev;<\/li>\n<li>ODGOVORNOST ZA SVOJE BESEDE IN DEJANJA: u\u010denci jo izkazujejo z izpolnjevanjem svojih dol\u017enosti in upo\u0161tevanjem \u0161olskega reda; u\u010ditelji jo izkazujejo s svojo strokovnostjo, ustvarjalnostjo, pravi\u010dnostjo, omogo\u010danjem zdravega okolja, doslednostjo in spo\u0161tljivostjo, star\u0161i pa s sodelovanjem s \u0161olo in s skrbnim spodbujanjem otroka in spremljanjem njegovega razvoja;<\/li>\n<li>MEDSEBOJNO SPO\u0160TOVANJE: spo\u0161tljiv odnos do sebe in drugih;<\/li>\n<li>ZADOVOLJSTVO IN U\u010cINKOVITOST ZAPOSLENIH: zagotavljati razmere, ki bodo zaposlenim omogo\u010dala optimalne pogoje dela in motivacijo, s katerimi bodo ti lahko u\u010dinkovito in profesionalno opravljali svoje delo;<\/li>\n<li>DELOVNE NAVADE IN U\u010cNE STRATEGIJE: razvijanje pozitivnega odnosa do dela, ustvarjalnosti, razvijanje vztrajnosti, samostojnosti in doslednosti pri delu.<\/li>\n<\/ul>\n<p>Pri tem bomo delovali skladno z vzgojnimi na\u010deli:<\/p>\n<ul>\n<li>oblikovanje optimalnega \u017eivljenjskega, u\u010dnega in vzgojnega okolja v fizi\u010dnem, psiholo\u0161kem, socialnem in duhovnem smislu,<br \/>skupno re\u0161evanje te\u017eav,<\/li>\n<li>zaupanje,<\/li>\n<li>zagotavljanje varnosti,<\/li>\n<li>zavzetost za vsakega posameznika,<\/li>\n<li>strpnost,<\/li>\n<li>zadovoljstvo in u\u010dinkovitost,<\/li>\n<li>doslednost.<\/li>\n<\/ul>\n<p>[\/et_pb_text][\/et_pb_column][\/et_pb_row][\/et_pb_section][et_pb_section fb_built=&#8221;1&#8243; fullwidth=&#8221;on&#8221; disabled_on=&#8221;on|on|&#8221; admin_label=&#8221;Section&#8221; _builder_version=&#8221;4.27.4&#8243; vertical_offset_tablet=&#8221;0&#8243; horizontal_offset_tablet=&#8221;0&#8243; inner_width_phone=&#8221;50px&#8221; inner_max_width_tablet=&#8221;100px&#8221; inner_max_width_phone=&#8221;50px&#8221; custom_margin=&#8221;30px||||false|false&#8221; animation_style=&#8221;fade&#8221; box_shadow_horizontal_tablet=&#8221;0px&#8221; box_shadow_vertical_tablet=&#8221;0px&#8221; box_shadow_blur_tablet=&#8221;40px&#8221; box_shadow_spread_tablet=&#8221;0px&#8221; transparent_background=&#8221;off&#8221; make_fullwidth=&#8221;off&#8221; use_custom_width=&#8221;off&#8221; width_unit=&#8221;on&#8221; global_module=&#8221;10917&#8243; locked=&#8221;off&#8221; collapsed=&#8221;off&#8221; global_colors_info=&#8221;{}&#8221;][et_pb_fullwidth_header content_max_width=&#8221;none&#8221; admin_label=&#8221;Napisi in logo v nogi&#8221; _builder_version=&#8221;4.27.0&#8243; title_font_size=&#8221;14px&#8221; subhead_font_size=&#8221;14px&#8221; background_layout=&#8221;light&#8221; button_one_letter_spacing_hover=&#8221;0&#8243; button_two_letter_spacing_hover=&#8221;0&#8243; global_colors_info=&#8221;{}&#8221; button_one_text_size__hover_enabled=&#8221;off&#8221; button_one_text_size__hover=&#8221;null&#8221; button_two_text_size__hover_enabled=&#8221;off&#8221; button_two_text_size__hover=&#8221;null&#8221; button_one_text_color__hover_enabled=&#8221;off&#8221; button_one_text_color__hover=&#8221;null&#8221; button_two_text_color__hover_enabled=&#8221;off&#8221; button_two_text_color__hover=&#8221;null&#8221; button_one_border_width__hover_enabled=&#8221;off&#8221; button_one_border_width__hover=&#8221;null&#8221; button_two_border_width__hover_enabled=&#8221;off&#8221; button_two_border_width__hover=&#8221;null&#8221; button_one_border_color__hover_enabled=&#8221;off&#8221; button_one_border_color__hover=&#8221;null&#8221; button_two_border_color__hover_enabled=&#8221;off&#8221; button_two_border_color__hover=&#8221;null&#8221; button_one_border_radius__hover_enabled=&#8221;off&#8221; button_one_border_radius__hover=&#8221;null&#8221; button_two_border_radius__hover_enabled=&#8221;off&#8221; button_two_border_radius__hover=&#8221;null&#8221; button_one_letter_spacing__hover_enabled=&#8221;on&#8221; button_one_letter_spacing__hover=&#8221;0&#8243; button_two_letter_spacing__hover_enabled=&#8221;on&#8221; button_two_letter_spacing__hover=&#8221;0&#8243; button_one_bg_color__hover_enabled=&#8221;off&#8221; button_one_bg_color__hover=&#8221;null&#8221; button_two_bg_color__hover_enabled=&#8221;off&#8221; button_two_bg_color__hover=&#8221;null&#8221;]<\/p>\n<table bgcolor=\"#ffffff\">\n<tbody>\n<tr>\n<td><img loading=\"lazy\" decoding=\"async\" class=\"wp-image-18488 alignnone \" src=\"https:\/\/osfm-splet.splet.arnes.si\/files\/2019\/12\/osfm-NazivInNaslov.jpg\" alt=\"\" width=\"260\" height=\"87\"><\/td>\n<td><img loading=\"lazy\" decoding=\"async\" class=\"wp-image-74 aligncenter\" src=\"http:\/\/osfm-splet.splet.arnes.si\/files\/2015\/03\/logo.png\" alt=\"\" width=\"100\" height=\"100\" srcset=\"https:\/\/osfm-splet.splet.arnes.si\/files\/2015\/03\/logo.png 300w, https:\/\/osfm-splet.splet.arnes.si\/files\/2015\/03\/logo-150x150.png 150w\" sizes=\"(max-width: 100px) 100vw, 100px\" \/><\/td>\n<td><img loading=\"lazy\" decoding=\"async\" class=\"wp-image-22035 alignnone \" src=\"https:\/\/osfm-splet.splet.arnes.si\/files\/2022\/06\/Logo-MVI-slo.png\" alt=\"\" width=\"342\" height=\"37\"><\/td>\n<\/tr>\n<\/tbody>\n<\/table>\n<p>&nbsp;<\/p>\n<p>[\/et_pb_fullwidth_header][\/et_pb_section]<\/p>\n","protected":false},"excerpt":{"rendered":"<p>Vrednote in na\u010dela &nbsp; Na \u0161oli smo izbrali naslednje vrednote, ki jim bomo sledili: ZNANJE IN ODLI\u010cNOST PRI DOSEGANJU CILJEV: biti odprti do pridobivanja znanja z razli\u010dnih podro\u010dij, do novosti, razvijanja uporabnega \u017eivljenjskega znanja, zanimanje za svet okoli sebe in ozave\u0161\u010denost do okolja ter izkazovanje odli\u010dnosti pri doseganju zadanih ciljev; ODGOVORNOST ZA SVOJE BESEDE IN [&hellip;]<\/p>\n","protected":false},"author":6245,"featured_media":0,"parent":0,"menu_order":0,"comment_status":"closed","ping_status":"closed","template":"page-template-blank.php","meta":{"_et_pb_use_builder":"on","_et_pb_old_content":"<p>Na \u0161oli smo izbrali naslednje vrednote, ki jim bomo sledili:<\/p><ul><li>ZNANJE IN ODLI\u010cNOST PRI DOSEGANJU CILJEV: biti odprti do pridobivanja znanja z razli\u010dnih podro\u010dij, do novosti, razvijanja uporabnega \u017eivljenjskega znanja, zanimanje za svet okoli sebe in ozave\u0161\u010denost do okolja ter izkazovanje odli\u010dnosti pri doseganju zadanih ciljev;<\/li><li>ODGOVORNOST ZA SVOJE BESEDE IN DEJANJA: u\u010denci jo izkazujejo z izpolnjevanjem svojih dol\u017enosti in upo\u0161tevanjem \u0161olskega reda; u\u010ditelji jo izkazujejo s svojo strokovnostjo, ustvarjalnostjo, pravi\u010dnostjo, omogo\u010danjem zdravega okolja, doslednostjo in spo\u0161tljivostjo, star\u0161i pa s sodelovanjem s \u0161olo in s skrbnim spodbujanjem otroka in spremljanjem njegovega razvoja;<\/li><li>MEDSEBOJNO SPO\u0160TOVANJE: spo\u0161tljiv odnos do sebe in drugih;<\/li><li>ZADOVOLJSTVO IN U\u010cINKOVITOST ZAPOSLENIH: zagotavljati razmere, ki bodo zaposlenim omogo\u010dala optimalne pogoje dela in motivacijo, s katerimi bodo ti lahko u\u010dinkovito in profesionalno opravljali svoje delo;<\/li><li>DELOVNE NAVADE IN U\u010cNE STRATEGIJE: razvijanje pozitivnega odnosa do dela, ustvarjalnosti, razvijanje vztrajnosti, samostojnosti in doslednosti pri delu.<\/li><\/ul><p>Pri tem bomo delovali skladno z vzgojnimi na\u010deli:<\/p><ul><li>oblikovanje optimalnega \u017eivljenjskega, u\u010dnega in vzgojnega okolja v fizi\u010dnem, psiholo\u0161kem, socialnem in duhovnem smislu,<br \/> skupno re\u0161evanje te\u017eav,<\/li><li>zaupanje,<\/li><li>zagotavljanje varnosti,<\/li><li>zavzetost za vsakega posameznika,<\/li><li>strpnost,<\/li><li>zadovoljstvo in u\u010dinkovitost,<\/li><li>doslednost.<\/li><\/ul>","_et_gb_content_width":"","ngg_post_thumbnail":0,"footnotes":"","_expiration-date-status":"","_expiration-date":0,"_expiration-date-type":"","_expiration-date-categories":[],"_expiration-date-options":[]},"class_list":["post-8919","page","type-page","status-publish","hentry"],"_links":{"self":[{"href":"https:\/\/osfm-splet.splet.arnes.si\/index.php?rest_route=\/wp\/v2\/pages\/8919","targetHints":{"allow":["GET"]}}],"collection":[{"href":"https:\/\/osfm-splet.splet.arnes.si\/index.php?rest_route=\/wp\/v2\/pages"}],"about":[{"href":"https:\/\/osfm-splet.splet.arnes.si\/index.php?rest_route=\/wp\/v2\/types\/page"}],"author":[{"embeddable":true,"href":"https:\/\/osfm-splet.splet.arnes.si\/index.php?rest_route=\/wp\/v2\/users\/6245"}],"replies":[{"embeddable":true,"href":"https:\/\/osfm-splet.splet.arnes.si\/index.php?rest_route=%2Fwp%2Fv2%2Fcomments&post=8919"}],"version-history":[{"count":5,"href":"https:\/\/osfm-splet.splet.arnes.si\/index.php?rest_route=\/wp\/v2\/pages\/8919\/revisions"}],"predecessor-version":[{"id":28600,"href":"https:\/\/osfm-splet.splet.arnes.si\/index.php?rest_route=\/wp\/v2\/pages\/8919\/revisions\/28600"}],"wp:attachment":[{"href":"https:\/\/osfm-splet.splet.arnes.si\/index.php?rest_route=%2Fwp%2Fv2%2Fmedia&parent=8919"}],"curies":[{"name":"wp","href":"https:\/\/api.w.org\/{rel}","templated":true}]}}