{"id":8915,"date":"2019-10-05T14:20:07","date_gmt":"2019-10-05T12:20:07","guid":{"rendered":"http:\/\/osfm-splet.splet.arnes.si\/?page_id=8915"},"modified":"2025-01-30T08:53:13","modified_gmt":"2025-01-30T07:53:13","slug":"vizija-sole","status":"publish","type":"page","link":"https:\/\/osfm-splet.splet.arnes.si\/?page_id=8915","title":{"rendered":"Poslanstvo in vizija"},"content":{"rendered":"<p>[et_pb_section fb_built=&#8221;1&#8243; fullwidth=&#8221;on&#8221; admin_label=&#8221;section&#8221; _builder_version=&#8221;4.27.0&#8243; background_color=&#8221;rgba(255,255,255,0)&#8221; background_image=&#8221;http:\/\/osfm-splet.splet.arnes.si\/files\/2015\/06\/osfm1.jpg&#8221; background_enable_image=&#8221;off&#8221; custom_padding=&#8221;||1px|&#8221; transparent_background=&#8221;on&#8221; make_fullwidth=&#8221;off&#8221; use_custom_width=&#8221;off&#8221; width_unit=&#8221;on&#8221; global_module=&#8221;10997&#8243; locked=&#8221;off&#8221; global_colors_info=&#8221;{}&#8221;][et_pb_fullwidth_slider use_bg_overlay=&#8221;off&#8221; use_text_overlay=&#8221;off&#8221; admin_label=&#8221;Slike \u0161ole&#8221; _builder_version=&#8221;4.27.0&#8243; vertical_offset_tablet=&#8221;0&#8243; horizontal_offset_tablet=&#8221;0&#8243; custom_padding=&#8221;|||&#8221; auto=&#8221;on&#8221; auto_speed=&#8221;10000&#8243; link_option_url=&#8221;www.fmalgaja.si&#8221; z_index_tablet=&#8221;0&#8243; header_text_shadow_horizontal_length_tablet=&#8221;0px&#8221; header_text_shadow_vertical_length_tablet=&#8221;0px&#8221; header_text_shadow_blur_strength_tablet=&#8221;1px&#8221; body_text_shadow_horizontal_length_tablet=&#8221;0px&#8221; body_text_shadow_vertical_length_tablet=&#8221;0px&#8221; body_text_shadow_blur_strength_tablet=&#8221;1px&#8221; body_link_text_shadow_horizontal_length_tablet=&#8221;0px&#8221; body_link_text_shadow_vertical_length_tablet=&#8221;0px&#8221; body_link_text_shadow_blur_strength_tablet=&#8221;1px&#8221; body_ul_text_shadow_horizontal_length_tablet=&#8221;0px&#8221; body_ul_text_shadow_vertical_length_tablet=&#8221;0px&#8221; body_ul_text_shadow_blur_strength_tablet=&#8221;1px&#8221; body_ol_text_shadow_horizontal_length_tablet=&#8221;0px&#8221; body_ol_text_shadow_vertical_length_tablet=&#8221;0px&#8221; body_ol_text_shadow_blur_strength_tablet=&#8221;1px&#8221; body_quote_text_shadow_horizontal_length_tablet=&#8221;0px&#8221; body_quote_text_shadow_vertical_length_tablet=&#8221;0px&#8221; body_quote_text_shadow_blur_strength_tablet=&#8221;1px&#8221; button_text_shadow_horizontal_length_tablet=&#8221;0px&#8221; button_text_shadow_vertical_length_tablet=&#8221;0px&#8221; button_text_shadow_blur_strength_tablet=&#8221;1px&#8221; box_shadow_style=&#8221;preset6&#8243; box_shadow_horizontal_image_tablet=&#8221;0px&#8221; box_shadow_vertical_image_tablet=&#8221;0px&#8221; box_shadow_blur_image_tablet=&#8221;40px&#8221; box_shadow_spread_image_tablet=&#8221;0px&#8221; box_shadow_horizontal_button_tablet=&#8221;0px&#8221; box_shadow_vertical_button_tablet=&#8221;0px&#8221; box_shadow_blur_button_tablet=&#8221;40px&#8221; box_shadow_spread_button_tablet=&#8221;0px&#8221; text_shadow_horizontal_length_tablet=&#8221;0px&#8221; text_shadow_vertical_length_tablet=&#8221;0px&#8221; text_shadow_blur_strength_tablet=&#8221;1px&#8221; remove_inner_shadow=&#8221;off&#8221; hide_content_on_mobile=&#8221;off&#8221; hide_cta_on_mobile=&#8221;off&#8221; show_inner_shadow=&#8221;on&#8221; button_letter_spacing_hover=&#8221;0&#8243; locked=&#8221;off&#8221; global_colors_info=&#8221;{}&#8221; button_text_size__hover_enabled=&#8221;off&#8221; button_text_size__hover=&#8221;null&#8221; button_one_text_size__hover_enabled=&#8221;off&#8221; button_one_text_size__hover=&#8221;null&#8221; button_two_text_size__hover_enabled=&#8221;off&#8221; button_two_text_size__hover=&#8221;null&#8221; button_text_color__hover_enabled=&#8221;off&#8221; button_text_color__hover=&#8221;null&#8221; button_one_text_color__hover_enabled=&#8221;off&#8221; button_one_text_color__hover=&#8221;null&#8221; button_two_text_color__hover_enabled=&#8221;off&#8221; button_two_text_color__hover=&#8221;null&#8221; button_border_width__hover_enabled=&#8221;off&#8221; button_border_width__hover=&#8221;null&#8221; button_one_border_width__hover_enabled=&#8221;off&#8221; button_one_border_width__hover=&#8221;null&#8221; button_two_border_width__hover_enabled=&#8221;off&#8221; button_two_border_width__hover=&#8221;null&#8221; button_border_color__hover_enabled=&#8221;off&#8221; button_border_color__hover=&#8221;null&#8221; button_one_border_color__hover_enabled=&#8221;off&#8221; button_one_border_color__hover=&#8221;null&#8221; button_two_border_color__hover_enabled=&#8221;off&#8221; button_two_border_color__hover=&#8221;null&#8221; button_border_radius__hover_enabled=&#8221;off&#8221; button_border_radius__hover=&#8221;null&#8221; button_one_border_radius__hover_enabled=&#8221;off&#8221; button_one_border_radius__hover=&#8221;null&#8221; button_two_border_radius__hover_enabled=&#8221;off&#8221; button_two_border_radius__hover=&#8221;null&#8221; button_letter_spacing__hover_enabled=&#8221;on&#8221; button_letter_spacing__hover=&#8221;0&#8243; button_one_letter_spacing__hover_enabled=&#8221;off&#8221; button_one_letter_spacing__hover=&#8221;null&#8221; button_two_letter_spacing__hover_enabled=&#8221;off&#8221; button_two_letter_spacing__hover=&#8221;null&#8221; button_bg_color__hover_enabled=&#8221;off&#8221; button_bg_color__hover=&#8221;null&#8221; button_one_bg_color__hover_enabled=&#8221;off&#8221; button_one_bg_color__hover=&#8221;null&#8221; button_two_bg_color__hover_enabled=&#8221;off&#8221; button_two_bg_color__hover=&#8221;null&#8221;][et_pb_slide heading=&#8221;O\u0160 Franja Malgaja \u0160entjur&#8221; _builder_version=&#8221;4.16&#8243; background_color=&#8221;#ffffff&#8221; background_image=&#8221;https:\/\/osfm-splet.splet.arnes.si\/files\/2015\/08\/osfm1.jpg&#8221; background_enable_image=&#8221;on&#8221; locked=&#8221;off&#8221; global_colors_info=&#8221;{}&#8221; button_text_size__hover_enabled=&#8221;off&#8221; button_one_text_size__hover_enabled=&#8221;off&#8221; button_two_text_size__hover_enabled=&#8221;off&#8221; button_text_color__hover_enabled=&#8221;off&#8221; button_one_text_color__hover_enabled=&#8221;off&#8221; button_two_text_color__hover_enabled=&#8221;off&#8221; button_border_width__hover_enabled=&#8221;off&#8221; button_one_border_width__hover_enabled=&#8221;off&#8221; button_two_border_width__hover_enabled=&#8221;off&#8221; button_border_color__hover_enabled=&#8221;off&#8221; button_one_border_color__hover_enabled=&#8221;off&#8221; button_two_border_color__hover_enabled=&#8221;off&#8221; button_border_radius__hover_enabled=&#8221;off&#8221; button_one_border_radius__hover_enabled=&#8221;off&#8221; button_two_border_radius__hover_enabled=&#8221;off&#8221; button_letter_spacing__hover_enabled=&#8221;off&#8221; button_one_letter_spacing__hover_enabled=&#8221;off&#8221; button_two_letter_spacing__hover_enabled=&#8221;off&#8221; button_bg_color__hover_enabled=&#8221;off&#8221; button_one_bg_color__hover_enabled=&#8221;off&#8221; button_two_bg_color__hover_enabled=&#8221;off&#8221; sticky_transition=&#8221;on&#8221;][\/et_pb_slide][et_pb_slide heading=&#8221;O\u0160 Franja Malgaja \u0160entjur&#8221; _builder_version=&#8221;4.16&#8243; background_color=&#8221;#ffffff&#8221; background_image=&#8221;https:\/\/osfm-splet.splet.arnes.si\/files\/2015\/06\/osfm2.jpg&#8221; background_enable_image=&#8221;on&#8221; locked=&#8221;off&#8221; global_colors_info=&#8221;{}&#8221; button_text_size__hover_enabled=&#8221;off&#8221; button_one_text_size__hover_enabled=&#8221;off&#8221; button_two_text_size__hover_enabled=&#8221;off&#8221; button_text_color__hover_enabled=&#8221;off&#8221; button_one_text_color__hover_enabled=&#8221;off&#8221; button_two_text_color__hover_enabled=&#8221;off&#8221; button_border_width__hover_enabled=&#8221;off&#8221; button_one_border_width__hover_enabled=&#8221;off&#8221; button_two_border_width__hover_enabled=&#8221;off&#8221; button_border_color__hover_enabled=&#8221;off&#8221; button_one_border_color__hover_enabled=&#8221;off&#8221; button_two_border_color__hover_enabled=&#8221;off&#8221; button_border_radius__hover_enabled=&#8221;off&#8221; button_one_border_radius__hover_enabled=&#8221;off&#8221; button_two_border_radius__hover_enabled=&#8221;off&#8221; button_letter_spacing__hover_enabled=&#8221;off&#8221; button_one_letter_spacing__hover_enabled=&#8221;off&#8221; button_two_letter_spacing__hover_enabled=&#8221;off&#8221; button_bg_color__hover_enabled=&#8221;off&#8221; button_one_bg_color__hover_enabled=&#8221;off&#8221; button_two_bg_color__hover_enabled=&#8221;off&#8221; sticky_transition=&#8221;on&#8221;][\/et_pb_slide][et_pb_slide heading=&#8221;O\u0160 Franja Malgaja \u0160entjur&#8221; _builder_version=&#8221;4.16&#8243; background_color=&#8221;#ffffff&#8221; background_image=&#8221;https:\/\/osfm-splet.splet.arnes.si\/files\/2015\/06\/osfm3.jpg&#8221; background_enable_image=&#8221;on&#8221; locked=&#8221;off&#8221; global_colors_info=&#8221;{}&#8221; button_text_size__hover_enabled=&#8221;off&#8221; button_one_text_size__hover_enabled=&#8221;off&#8221; button_two_text_size__hover_enabled=&#8221;off&#8221; button_text_color__hover_enabled=&#8221;off&#8221; button_one_text_color__hover_enabled=&#8221;off&#8221; button_two_text_color__hover_enabled=&#8221;off&#8221; button_border_width__hover_enabled=&#8221;off&#8221; button_one_border_width__hover_enabled=&#8221;off&#8221; button_two_border_width__hover_enabled=&#8221;off&#8221; button_border_color__hover_enabled=&#8221;off&#8221; button_one_border_color__hover_enabled=&#8221;off&#8221; button_two_border_color__hover_enabled=&#8221;off&#8221; button_border_radius__hover_enabled=&#8221;off&#8221; button_one_border_radius__hover_enabled=&#8221;off&#8221; button_two_border_radius__hover_enabled=&#8221;off&#8221; button_letter_spacing__hover_enabled=&#8221;off&#8221; button_one_letter_spacing__hover_enabled=&#8221;off&#8221; button_two_letter_spacing__hover_enabled=&#8221;off&#8221; button_bg_color__hover_enabled=&#8221;off&#8221; button_one_bg_color__hover_enabled=&#8221;off&#8221; button_two_bg_color__hover_enabled=&#8221;off&#8221; sticky_transition=&#8221;on&#8221;][\/et_pb_slide][\/et_pb_fullwidth_slider][et_pb_fullwidth_menu menu_id=&#8221;57&#8243; menu_style=&#8221;centered&#8221; submenu_direction=&#8221;downwards&#8221; fullwidth_menu=&#8221;off&#8221; active_link_color=&#8221;#FFFFFF&#8221; admin_label=&#8221;Glavni Meni&#8221; module_id=&#8221;velikost-menija&#8221; _builder_version=&#8221;4.27.0&#8243; menu_font=&#8221;|on|||&#8221; menu_text_color=&#8221;#FFFFFF&#8221; menu_font_size=&#8221;15px&#8221; background_color=&#8221;#1269b0&#8243; background_color_tablet=&#8221;#ffffff&#8221; background_color_phone=&#8221;#ffffff&#8221; background_last_edited=&#8221;on|tablet&#8221; background_enable_color_tablet=&#8221;on&#8221; background_enable_color_phone=&#8221;on&#8221; global_colors_info=&#8221;{}&#8221;][\/et_pb_fullwidth_menu][\/et_pb_section][et_pb_section fb_built=&#8221;1&#8243; admin_label=&#8221;section&#8221; _builder_version=&#8221;4.16&#8243; global_colors_info=&#8221;{}&#8221;][et_pb_row admin_label=&#8221;row&#8221; _builder_version=&#8221;4.16&#8243; background_size=&#8221;initial&#8221; background_position=&#8221;top_left&#8221; background_repeat=&#8221;repeat&#8221; global_colors_info=&#8221;{}&#8221;][et_pb_column type=&#8221;4_4&#8243; _builder_version=&#8221;4.16&#8243; custom_padding=&#8221;|||&#8221; global_colors_info=&#8221;{}&#8221; custom_padding__hover=&#8221;|||&#8221;][et_pb_text admin_label=&#8221;Text&#8221; _builder_version=&#8221;4.27.4&#8243; background_size=&#8221;initial&#8221; background_position=&#8221;top_left&#8221; background_repeat=&#8221;repeat&#8221; hover_enabled=&#8221;0&#8243; use_border_color=&#8221;off&#8221; border_color=&#8221;#ffffff&#8221; border_style=&#8221;solid&#8221; global_colors_info=&#8221;{}&#8221; sticky_enabled=&#8221;0&#8243;]<\/p>\n<h3>Poslanstvo in vizija<\/h3>\n<p>&nbsp;<\/p>\n<p>Osnovna \u0161ola je poimenovana po slovenskemu borcu za severno mejo, domoljubu in u\u010dencu na\u0161e \u0161ole Franju Malgaju. Je \u0161ola s trdnimi temelji in kakovostno izobra\u017eevalno ponudbo.<\/p>\n<p>\u017delimo, da je Osnovna \u0161ola Franja Malgaja \u0160entjur \u0161olska skupnost, ki izobra\u017eevanje in vzgojo temelji na zaupljivem, sodelovalnem in pripadnostnem odnosu med u\u010ditelji, u\u010denci in star\u0161i. \u017delimo si dobrih medsebojnih odnosov vseh tvorcev vzgojno-izobra\u017eevalnega procesa. \u017delimo si, da bi skrbeli drug za drugega, da bi se dobro (s)poznali, si zaupali in delovali po\u0161teno. Za to smo odgovorni in odgovornost pri\u010dakujemo tudi od drugih.<\/p>\n<p>\u0160ola bo s svojo strokovnostjo vsem u\u010dencem omogo\u010dala pridobiti izobrazbo in vzgojo za aktivno in kakovostno vklju\u010ditev v nadaljnje \u017eivljenje. U\u010dencem smo dol\u017eni omogo\u010diti razvijanje kriti\u010dnega mi\u0161ljenja in ustvarjalnosti, spretnosti in kreposti, odgovornosti in eti\u010dnega ravnanja do sebe in drugih ter naravnega in dru\u017ebenega okolja. V njih moramo krepiti in vzgajati \u010dut za aktivno dr\u017eavljanstvo ter razvijati njihovo nacionalno samozavest, ob tem pa stalno skrbeti za zadovoljstvo, u\u010dinkovitost in strokovni razvoj zaposlenih.<\/p>\n<p>Moto \u0161ole je&nbsp;<em>z <strong>medsebojnim sodelovanjem, zaupanjem in pripadnostjo do vzgoje in znanja za \u017eivljenje<\/strong><\/em>. Moto \u0161ole naj ohranja njeno mo\u010dno ime v regiji. Samozavestna \u0161ola, ki u\u010dence usposablja, da postanejo zavedni dr\u017eavljani. Nismo samo v sredi\u0161\u010du mesta, smo tudi mesto v malem. Skupnost, ki temelji na dru\u017ebenih vrednotah in pripadnosti. Ne samo, da vemo, da smo, potrebno je tudi vedeti, kdo smo in kam gremo. To pa lahko poimenujemo Malgajev duh.<\/p>\n<p>Malgajev duh lahko povzamemo v nekaj klju\u010dnih to\u010dkah. Te klju\u010dne to\u010dke so skupni imenovalec vizije Osnovne \u0161ole Franja Malgaja \u0160entjur in jih je mogo\u010de zaslediti na vseh ravneh na\u0161ega delovanja. Vsi skrbimo za to, vsak na svoj na\u010din, saj si \u017eelimo, da smo:<\/p>\n<ul>\n<li>enotna \u0161ola z dobrimi medsebojnimi odnosi;<\/li>\n<li>\u0161ola, ki bo omogo\u010dala u\u010dencem, da bodo razvijali svoja interesna podro\u010dja in bodo na predmetnih podro\u010djih dosegali rezultate v skladu s svojimi sposobnostmi;<\/li>\n<li>\u0161ola, ki bo dajala u\u010dencem taka znanja, da bodo dosegli primerljive rezultate z vrstniki v na\u0161i dr\u017eavi in v dr\u017eavah Evropske unije,<br \/>\u0161ola, ki bo tako usposabljala u\u010dence, da bodo znali koristno uporabiti vsa znanja in se znali uspe\u0161no prilagajati vse bolj zahtevnim nalogam \u017eivljenja v Republiki Sloveniji in Evropski uniji;<\/li>\n<li>\u0161ola, ki bo zaradi aktivnih oblik in metod dela, urejenosti in tehnolo\u0161ke opremljenosti u\u010dencem bolj zanimiva in bodo v njo radi prihajali,<br \/>\u0161ola, ki bo strokovno, razvojno naravnana, komunikativna in odprta okolju.<\/li>\n<\/ul>\n<p>Na\u0161e izobra\u017eevanje in vzgoja sta sodobna, zahtevna in kakovostna ter sta v skladu z razvojem dru\u017ebe. Osredoto\u010deni smo na ustvarjanje enakih mo\u017enosti in prilo\u017enosti za vse. U\u010denje in vzgoja sta skupna odgovornost star\u0161ev, u\u010dencev in \u0161ole, zato je dobro in konstruktivno sodelovanje med \u0161olo, star\u0161i in u\u010denci klju\u010dnega pomena, da bi dobili kar najbolj\u0161e iz na\u0161ih otrok. A pri vzgoji naj star\u0161i ostanejo odgovorni, prvi in najpomembnej\u0161i vzgojitelji.<\/p>\n<p>[\/et_pb_text][\/et_pb_column][\/et_pb_row][\/et_pb_section][et_pb_section fb_built=&#8221;1&#8243; fullwidth=&#8221;on&#8221; disabled_on=&#8221;on|on|&#8221; admin_label=&#8221;Section&#8221; _builder_version=&#8221;4.27.0&#8243; vertical_offset_tablet=&#8221;0&#8243; horizontal_offset_tablet=&#8221;0&#8243; inner_width_phone=&#8221;50px&#8221; inner_max_width_tablet=&#8221;100px&#8221; inner_max_width_phone=&#8221;50px&#8221; custom_margin=&#8221;30px||||false|false&#8221; animation_style=&#8221;fade&#8221; box_shadow_horizontal_tablet=&#8221;0px&#8221; box_shadow_vertical_tablet=&#8221;0px&#8221; box_shadow_blur_tablet=&#8221;40px&#8221; box_shadow_spread_tablet=&#8221;0px&#8221; transparent_background=&#8221;off&#8221; make_fullwidth=&#8221;off&#8221; use_custom_width=&#8221;off&#8221; width_unit=&#8221;on&#8221; global_module=&#8221;10917&#8243; locked=&#8221;off&#8221; collapsed=&#8221;off&#8221; global_colors_info=&#8221;{}&#8221;][et_pb_fullwidth_header content_max_width=&#8221;none&#8221; admin_label=&#8221;Napisi in logo v nogi&#8221; _builder_version=&#8221;4.27.0&#8243; title_font_size=&#8221;14px&#8221; subhead_font_size=&#8221;14px&#8221; background_layout=&#8221;light&#8221; button_one_letter_spacing_hover=&#8221;0&#8243; button_two_letter_spacing_hover=&#8221;0&#8243; global_colors_info=&#8221;{}&#8221; button_one_text_size__hover_enabled=&#8221;off&#8221; button_one_text_size__hover=&#8221;null&#8221; button_two_text_size__hover_enabled=&#8221;off&#8221; button_two_text_size__hover=&#8221;null&#8221; button_one_text_color__hover_enabled=&#8221;off&#8221; button_one_text_color__hover=&#8221;null&#8221; button_two_text_color__hover_enabled=&#8221;off&#8221; button_two_text_color__hover=&#8221;null&#8221; button_one_border_width__hover_enabled=&#8221;off&#8221; button_one_border_width__hover=&#8221;null&#8221; button_two_border_width__hover_enabled=&#8221;off&#8221; button_two_border_width__hover=&#8221;null&#8221; button_one_border_color__hover_enabled=&#8221;off&#8221; button_one_border_color__hover=&#8221;null&#8221; button_two_border_color__hover_enabled=&#8221;off&#8221; button_two_border_color__hover=&#8221;null&#8221; button_one_border_radius__hover_enabled=&#8221;off&#8221; button_one_border_radius__hover=&#8221;null&#8221; button_two_border_radius__hover_enabled=&#8221;off&#8221; button_two_border_radius__hover=&#8221;null&#8221; button_one_letter_spacing__hover_enabled=&#8221;on&#8221; button_one_letter_spacing__hover=&#8221;0&#8243; button_two_letter_spacing__hover_enabled=&#8221;on&#8221; button_two_letter_spacing__hover=&#8221;0&#8243; button_one_bg_color__hover_enabled=&#8221;off&#8221; button_one_bg_color__hover=&#8221;null&#8221; button_two_bg_color__hover_enabled=&#8221;off&#8221; button_two_bg_color__hover=&#8221;null&#8221;]<\/p>\n<table bgcolor=\"#ffffff\">\n<tbody>\n<tr>\n<td><img loading=\"lazy\" decoding=\"async\" class=\"wp-image-18488 alignnone \" src=\"https:\/\/osfm-splet.splet.arnes.si\/files\/2019\/12\/osfm-NazivInNaslov.jpg\" alt=\"\" width=\"260\" height=\"87\"><\/td>\n<td><img loading=\"lazy\" decoding=\"async\" class=\"wp-image-74 aligncenter\" src=\"http:\/\/osfm-splet.splet.arnes.si\/files\/2015\/03\/logo.png\" alt=\"\" width=\"100\" height=\"100\" srcset=\"https:\/\/osfm-splet.splet.arnes.si\/files\/2015\/03\/logo.png 300w, https:\/\/osfm-splet.splet.arnes.si\/files\/2015\/03\/logo-150x150.png 150w\" sizes=\"(max-width: 100px) 100vw, 100px\" \/><\/td>\n<td><img loading=\"lazy\" decoding=\"async\" class=\"wp-image-22035 alignnone \" src=\"https:\/\/osfm-splet.splet.arnes.si\/files\/2022\/06\/Logo-MVI-slo.png\" alt=\"\" width=\"342\" height=\"37\"><\/td>\n<\/tr>\n<\/tbody>\n<\/table>\n<p>&nbsp;<\/p>\n<p>[\/et_pb_fullwidth_header][\/et_pb_section]<\/p>\n","protected":false},"excerpt":{"rendered":"<p>Poslanstvo in vizija &nbsp; Osnovna \u0161ola je poimenovana po slovenskemu borcu za severno mejo, domoljubu in u\u010dencu na\u0161e \u0161ole Franju Malgaju. Je \u0161ola s trdnimi temelji in kakovostno izobra\u017eevalno ponudbo. \u017delimo, da je Osnovna \u0161ola Franja Malgaja \u0160entjur \u0161olska skupnost, ki izobra\u017eevanje in vzgojo temelji na zaupljivem, sodelovalnem in pripadnostnem odnosu med u\u010ditelji, u\u010denci in [&hellip;]<\/p>\n","protected":false},"author":6245,"featured_media":0,"parent":0,"menu_order":0,"comment_status":"closed","ping_status":"closed","template":"page-template-blank.php","meta":{"_et_pb_use_builder":"on","_et_pb_old_content":"","_et_gb_content_width":"","ngg_post_thumbnail":0,"footnotes":"","_expiration-date-status":"","_expiration-date":0,"_expiration-date-type":"","_expiration-date-categories":[],"_expiration-date-options":[]},"class_list":["post-8915","page","type-page","status-publish","hentry"],"_links":{"self":[{"href":"https:\/\/osfm-splet.splet.arnes.si\/index.php?rest_route=\/wp\/v2\/pages\/8915","targetHints":{"allow":["GET"]}}],"collection":[{"href":"https:\/\/osfm-splet.splet.arnes.si\/index.php?rest_route=\/wp\/v2\/pages"}],"about":[{"href":"https:\/\/osfm-splet.splet.arnes.si\/index.php?rest_route=\/wp\/v2\/types\/page"}],"author":[{"embeddable":true,"href":"https:\/\/osfm-splet.splet.arnes.si\/index.php?rest_route=\/wp\/v2\/users\/6245"}],"replies":[{"embeddable":true,"href":"https:\/\/osfm-splet.splet.arnes.si\/index.php?rest_route=%2Fwp%2Fv2%2Fcomments&post=8915"}],"version-history":[{"count":9,"href":"https:\/\/osfm-splet.splet.arnes.si\/index.php?rest_route=\/wp\/v2\/pages\/8915\/revisions"}],"predecessor-version":[{"id":28539,"href":"https:\/\/osfm-splet.splet.arnes.si\/index.php?rest_route=\/wp\/v2\/pages\/8915\/revisions\/28539"}],"wp:attachment":[{"href":"https:\/\/osfm-splet.splet.arnes.si\/index.php?rest_route=%2Fwp%2Fv2%2Fmedia&parent=8915"}],"curies":[{"name":"wp","href":"https:\/\/api.w.org\/{rel}","templated":true}]}}