{"id":322,"date":"2015-03-25T10:52:31","date_gmt":"2015-03-25T09:52:31","guid":{"rendered":"http:\/\/osfm-splet.splet.arnes.si\/?page_id=322"},"modified":"2015-08-31T08:13:00","modified_gmt":"2015-08-31T06:13:00","slug":"solski-dokumenti","status":"publish","type":"page","link":"https:\/\/osfm-splet.splet.arnes.si\/?page_id=322","title":{"rendered":"\u0160olski dokumenti"},"content":{"rendered":"<p>[et_pb_section fullwidth=&#8221;on&#8221; specialty=&#8221;off&#8221; background_image=&#8221;http:\/\/osfm-splet.splet.arnes.si\/files\/2015\/06\/osfm1.jpg&#8221; transparent_background=&#8221;on&#8221; background_color=&#8221;#ffffff&#8221; allow_player_pause=&#8221;off&#8221; inner_shadow=&#8221;off&#8221; parallax=&#8221;off&#8221; parallax_method=&#8221;off&#8221;][et_pb_fullwidth_slider admin_label=&#8221;Fullwidth Slider&#8221; show_arrows=&#8221;on&#8221; show_pagination=&#8221;on&#8221; auto=&#8221;on&#8221; auto_speed=&#8221;10000&#8243; parallax=&#8221;off&#8221; parallax_method=&#8221;off&#8221;][et_pb_slide heading=&#8221;O\u0160 Franja Malgaja \u0160entjur&#8221; background_image=&#8221;http:\/\/osfm-splet.splet.arnes.si\/files\/2015\/08\/osfm1.jpg&#8221; background_color=&#8221;#ffffff&#8221; alignment=&#8221;center&#8221; background_layout=&#8221;dark&#8221; allow_player_pause=&#8221;off&#8221; \/][et_pb_slide heading=&#8221;O\u0160 Franja Malgaja \u0160entjur&#8221; background_image=&#8221;http:\/\/osfm-splet.splet.arnes.si\/files\/2015\/06\/osfm2.jpg&#8221; background_color=&#8221;#ffffff&#8221; alignment=&#8221;center&#8221; background_layout=&#8221;dark&#8221; allow_player_pause=&#8221;off&#8221; \/][et_pb_slide heading=&#8221;O\u0160 Franja Malgaja \u0160entjur&#8221; background_image=&#8221;http:\/\/osfm-splet.splet.arnes.si\/files\/2015\/06\/osfm3.jpg&#8221; background_color=&#8221;#ffffff&#8221; alignment=&#8221;center&#8221; background_layout=&#8221;dark&#8221; allow_player_pause=&#8221;off&#8221; \/][\/et_pb_fullwidth_slider][et_pb_fullwidth_menu admin_label=&#8221;Glavni Menu&#8221; menu_id=&#8221;8&#8243; background_color=&#8221;#fff8a0&#8243; background_layout=&#8221;light&#8221; text_orientation=&#8221;right&#8221; submenu_direction=&#8221;downwards&#8221; module_id=&#8221;velikost-menija&#8221; \/][\/et_pb_section][et_pb_section fullwidth=&#8221;off&#8221; specialty=&#8221;off&#8221;][et_pb_row][et_pb_column type=&#8221;4_4&#8243;][et_pb_text admin_label=&#8221;Text&#8221; background_layout=&#8221;light&#8221; text_orientation=&#8221;left&#8221;]<\/p>\n<p><a href=\"http:\/\/osfm-splet.splet.arnes.si\/?page_id=522\">Dokumenti o delovanju \u0161ole<\/a><\/p>\n<p><a href=\"http:\/\/osfm-splet.splet.arnes.si\/?page_id=526\">Razni dokumenti<\/a><\/p>\n<p><a href=\"http:\/\/osfm-splet.splet.arnes.si\/?page_id=524\">Sistemizacija<\/a><\/p>\n<p><a href=\"http:\/\/osfm-splet.splet.arnes.si\/?page_id=113\">Zapisniki sveta star\u0161ev in sveta \u0161ole<\/a><\/p>\n<p><a href=\"http:\/\/osfm-splet.splet.arnes.si\/?page_id=79\">Katalog informacij javnega zna\u010daja<\/a><\/p>\n<p><a href=\"http:\/\/osfm-splet.splet.arnes.si\/?page_id=109\">Zakonodaja<\/a><\/p>\n<p>[\/et_pb_text][\/et_pb_column][\/et_pb_row][\/et_pb_section]<\/p>\n","protected":false},"excerpt":{"rendered":"<p><div class=\"et_pb_row et_pb_row_0 et_pb_row_empty\">\n\t\t\t\t\n\t\t\t\t\n\t\t\t\t\n\t\t\t\t\n\t\t\t\t\n\t\t\t<\/div> Dokumenti o delovanju \u0161ole Razni dokumenti Sistemizacija Zapisniki sveta star\u0161ev in sveta \u0161ole Katalog informacij javnega zna\u010daja Zakonodaja<\/p>\n","protected":false},"author":4407,"featured_media":0,"parent":0,"menu_order":0,"comment_status":"closed","ping_status":"open","template":"page-template-blank.php","meta":{"_et_pb_use_builder":"on","_et_pb_old_content":"<p><a href=\"http:\/\/osfm-splet.splet.arnes.si\/dokumenti-o-delovanju-sole\/\">Dokumenti o delovanju \u0161ole<\/a><\/p><p><a href=\"http:\/\/osfm-splet.splet.arnes.si\/razni-dokumenti\/\">Razni dokumenti<\/a><\/p><p><a href=\"http:\/\/osfm-splet.splet.arnes.si\/sistemizacija\/\">Sistemizacija<\/a><\/p><p>Zapisniki sveta star\u0161ev in sveta \u0161ole<\/p><p><a href=\"http:\/\/osfm-splet.splet.arnes.si\/katalog-informacij-javnega-znacaja\/\">Katalog informacij javnega zna\u010daja<\/a><\/p><p><a href=\"http:\/\/osfm-splet.splet.arnes.si\/zakonodaja\/\">Zakonodaja<\/a><\/p>","_et_gb_content_width":"","ngg_post_thumbnail":0,"footnotes":"","_expiration-date-status":"","_expiration-date":0,"_expiration-date-type":"","_expiration-date-categories":[],"_expiration-date-options":[]},"class_list":["post-322","page","type-page","status-publish","hentry"],"_links":{"self":[{"href":"https:\/\/osfm-splet.splet.arnes.si\/index.php?rest_route=\/wp\/v2\/pages\/322","targetHints":{"allow":["GET"]}}],"collection":[{"href":"https:\/\/osfm-splet.splet.arnes.si\/index.php?rest_route=\/wp\/v2\/pages"}],"about":[{"href":"https:\/\/osfm-splet.splet.arnes.si\/index.php?rest_route=\/wp\/v2\/types\/page"}],"author":[{"embeddable":true,"href":"https:\/\/osfm-splet.splet.arnes.si\/index.php?rest_route=\/wp\/v2\/users\/4407"}],"replies":[{"embeddable":true,"href":"https:\/\/osfm-splet.splet.arnes.si\/index.php?rest_route=%2Fwp%2Fv2%2Fcomments&post=322"}],"version-history":[{"count":26,"href":"https:\/\/osfm-splet.splet.arnes.si\/index.php?rest_route=\/wp\/v2\/pages\/322\/revisions"}],"predecessor-version":[{"id":3409,"href":"https:\/\/osfm-splet.splet.arnes.si\/index.php?rest_route=\/wp\/v2\/pages\/322\/revisions\/3409"}],"wp:attachment":[{"href":"https:\/\/osfm-splet.splet.arnes.si\/index.php?rest_route=%2Fwp%2Fv2%2Fmedia&parent=322"}],"curies":[{"name":"wp","href":"https:\/\/api.w.org\/{rel}","templated":true}]}}