{"id":12939,"date":"2020-01-13T07:40:59","date_gmt":"2020-01-13T06:40:59","guid":{"rendered":"http:\/\/osfm-splet.splet.arnes.si\/?page_id=12939"},"modified":"2020-04-09T16:52:40","modified_gmt":"2020-04-09T14:52:40","slug":"vzgoja-2","status":"publish","type":"page","link":"https:\/\/osfm-splet.splet.arnes.si\/?page_id=12939","title":{"rendered":"Posvetovanje"},"content":{"rendered":"<p>[et_pb_section bb_built=&#8221;1&#8243; admin_label=&#8221;section&#8221; background_image=&#8221;http:\/\/osfm-splet.splet.arnes.si\/files\/2015\/06\/osfm1.jpg&#8221; transparent_background=&#8221;on&#8221; fullwidth=&#8221;on&#8221; allow_player_pause=&#8221;off&#8221; inner_shadow=&#8221;off&#8221; parallax=&#8221;off&#8221; parallax_method=&#8221;on&#8221; make_fullwidth=&#8221;off&#8221; use_custom_width=&#8221;off&#8221; width_unit=&#8221;on&#8221; make_equal=&#8221;off&#8221; use_custom_gutter=&#8221;off&#8221; custom_padding=&#8221;||1px|&#8221; locked=&#8221;off&#8221; global_module=&#8221;10997&#8243;][et_pb_fullwidth_slider admin_label=&#8221;Slike \u0161ole&#8221; global_parent=&#8221;10997&#8243; auto=&#8221;on&#8221; auto_speed=&#8221;10000&#8243; show_arrows=&#8221;on&#8221; show_pagination=&#8221;on&#8221; auto_ignore_hover=&#8221;off&#8221; parallax=&#8221;off&#8221; parallax_method=&#8221;off&#8221; remove_inner_shadow=&#8221;off&#8221; background_position=&#8221;default&#8221; background_size=&#8221;default&#8221; hide_content_on_mobile=&#8221;off&#8221; hide_cta_on_mobile=&#8221;off&#8221; show_image_video_mobile=&#8221;off&#8221; custom_button=&#8221;off&#8221; button_letter_spacing=&#8221;0&#8243; button_use_icon=&#8221;default&#8221; button_icon_placement=&#8221;right&#8221; button_on_hover=&#8221;on&#8221; button_letter_spacing_hover=&#8221;0&#8243; locked=&#8221;off&#8221; parent_locked=&#8221;off&#8221;] [et_pb_slide heading=&#8221;O\u0160 Franja Malgaja \u0160entjur&#8221; background_image=&#8221;http:\/\/osfm-splet.splet.arnes.si\/files\/2015\/08\/osfm1.jpg&#8221;][\/et_pb_slide][et_pb_slide heading=&#8221;O\u0160 Franja Malgaja \u0160entjur&#8221; background_image=&#8221;http:\/\/osfm-splet.splet.arnes.si\/files\/2015\/06\/osfm2.jpg&#8221;][\/et_pb_slide][et_pb_slide heading=&#8221;O\u0160 Franja Malgaja \u0160entjur&#8221; background_image=&#8221;http:\/\/osfm-splet.splet.arnes.si\/files\/2015\/06\/osfm3.jpg&#8221;][\/et_pb_slide] [\/et_pb_fullwidth_slider][et_pb_fullwidth_menu admin_label=&#8221;Glavni Meni&#8221; global_parent=&#8221;10997&#8243; menu_id=&#8221;57&#8243; background_color=&#8221;#46a5a5&#8243; submenu_direction=&#8221;downwards&#8221; fullwidth_menu=&#8221;off&#8221; module_id=&#8221;velikost-menija&#8221; background_layout=&#8221;light&#8221; text_orientation=&#8221;left&#8221; dropdown_menu_animation=&#8221;fade&#8221; menu_font=&#8221;|on|||&#8221; menu_font_size=&#8221;18px&#8221; parent_locked=&#8221;off&#8221; active_link_color=&#8221;#293d3c&#8221; custom_css_main_element=&#8221;margin-top: 10px;&#8221; \/][\/et_pb_section][et_pb_section bb_built=&#8221;1&#8243; admin_label=&#8221;section&#8221;][et_pb_row admin_label=&#8221;row&#8221;][et_pb_column type=&#8221;4_4&#8243;][et_pb_text admin_label=&#8221;Text&#8221; background_layout=&#8221;light&#8221; text_orientation=&#8221;left&#8221; use_border_color=&#8221;off&#8221; border_color=&#8221;#ffffff&#8221; border_style=&#8221;solid&#8221;]<\/p>\n<p><strong>\u0160OLSKA SVETOVALNA SLU\u017dBA<\/strong><\/p>\n<p>Ko ne ve\u0161, kako ravnati, kadar:<\/p>\n<ul>\n<li>Ima\u0161 te\u017eave pri u\u010denju (Kako naj se u\u010dim, da bom \u010dim bolj uspe\u0161en? Strah me je testa ali ocenjevanja)?<\/li>\n<li>Te je strah in ima\u0161 te\u017eave doma ali v \u0161oli?<\/li>\n<li>Se ne zna\u0161 vklju\u010diti v skupino vrstnikov ali pa te so\u0161olci \u00bbzafrkavajo\u00ab?<\/li>\n<li>Si \u017eeli\u0161 na letovanje?<\/li>\n<li>Se odlo\u010da\u0161 za bodo\u010di poklic?<\/li>\n<li>Bi se \u017eelel z nekom samo pogovarjati?<\/li>\n<\/ul>\n<p>Oglasi se v svetovalno slu\u017ebo.<\/p>\n<p>\u0160olska svetovalna slu\u017eba svetuje u\u010dencem, star\u0161em in pedago\u0161kim delavcem. Pri delu sodeluje z vodstvom \u0161ole in po potrebi z zunanjimi institucijami \u0161ole.<\/p>\n<p>Delo je usmerjeno v skrb za celovit razvoj otrok in odra\u0161\u010dajo\u010de mladine. U\u010dence spremlja od vstopa v \u0161olo do devetega razreda.<\/p>\n<p>PODRO\u010cJA DELA:<\/p>\n<ul>\n<li><strong>u\u010denje in pou\u010devanje<\/strong> (U\u010denci z u\u010dnimi te\u017eavami: koordinacija pomo\u010di u\u010dencem, sodelovanje z zunanjimi institucijami. U\u010denci s posebnimi potrebami: koordinacija dela z UPP-pomo\u010d pri\u00a0 usmerjanju, priprava individualiziranega programa, evalvacija dodatne strokovne pomo\u010di, vodenje dokumentacije, neposredno delo z u\u010denci, svetovanje star\u0161em, sodelovanje z zunanjimi institucijami. Nadarjeni: evidentiranje in identifikacija ter delo z nadarjenimi u\u010denci. Vsi u\u010denci: priprava tematskih razrednih ur, delavnic.)<\/li>\n<\/ul>\n<ul>\n<li><strong>\u0161olska kultura, vzgoja, klima, red<\/strong> (Pomo\u010d u\u010dencem z vzgojnimi te\u017eavami: preventivni \u00a0in kurativni programi, \u0161olska mediacija, individualno in skupinsko delo z u\u010denci.)<\/li>\n<\/ul>\n<ul>\n<li><strong>telesni, osebni (\u010dustveni, spoznavni) in socialni razvoj<\/strong> (Svetovanje in neposredna pomo\u010d u\u010dencem s te\u017eavami v telesnem,\u00a0 spoznavnem, \u010dustvenem in socialnem razvoju, koordinacija dela z zdravstvenim domom, CSD in drugimi institucijami.)<\/li>\n<\/ul>\n<ul>\n<li><strong>karierna orientacija<\/strong> (Tehni\u0161ki dan na srednji \u0161oli. Posamezne predstavitve srednjih \u0161ol (glede na interes u\u010dencev). Razredne ure na temo poklicne orientacije. Individualno in skupinsko poklicno svetovanje u\u010dencem in star\u0161em. Roditeljski sestanki.)<\/li>\n<\/ul>\n<ul>\n<li><strong>socialno-ekonomske stiske<\/strong> (Pomo\u010d u\u010dencem, ki imajo te\u017eave zaradi socialno-ekonomskih razmer. Pomo\u010d pri re\u0161evanju finan\u010dnih te\u017eav in stisk.)<\/li>\n<\/ul>\n<ul>\n<li><strong>svetovalno-preventivno delo z vsemi u\u010denci pri izbolj\u0161anju kvalitete u\u010denja<\/strong> (razvijanje u\u010dinkovitih strategij, metod in tehnik u\u010denja, u\u010dnih navad ipd., vklju\u010devanje skupin u\u010dencev v projekt POGUM, kjer razvijamo kompetence podjetnosti).<\/li>\n<\/ul>\n<p>Vsa dela \u0161olska svetovalna slu\u017eba opravlja za osnovno\u0161olski in prilagojeni program z ni\u017ejim izobrazbenim standardom na mati\u010dni \u0161oli ter osnovno\u0161olski program na podru\u017eni\u010dni \u0161oli Blagovna.<\/p>\n<p>\u0160olsko svetovalna slu\u017ebo sestavljata Darja Steblovnik in Jo\u017eica Novak.<\/p>\n<p>Star\u0161em svetujemo, da se za sre\u010danje predhodno dogovorite (telefonsko, osebno ali prek elektronske po\u0161te svetovalne slu\u017ebe:\u00a0<a href=\"mailto:svetovalna.sluzba@fmalgaja.si\">svetovalna.sluzba@fmalgaja.si<\/a>, <a href=\"mailto:darja.steblovnik@fmalgaja.si\">darja.steblovnik@fmalgaja.si<\/a>, <a href=\"mailto:jozica.novak@fmalgaja.si\">jozica.novak@fmalgaja.si<\/a>) med 7. in 14. uro.<\/p>\n<p>Svetovalna slu\u017eba sodeluje tudi s \u0161olsko specialno pedagoginjo Silvo \u0160koberne, inkluzivno\u00a0 pedagoginjo Sabino Jager ter koordinira delo z zunanjimi izvajalci dodatne strokovne pomo\u010di (DSP).<\/p>\n<p>[\/et_pb_text][\/et_pb_column][\/et_pb_row][\/et_pb_section][et_pb_section bb_built=&#8221;1&#8243; admin_label=&#8221;Section&#8221; fullwidth=&#8221;on&#8221; specialty=&#8221;off&#8221; transparent_background=&#8221;off&#8221; allow_player_pause=&#8221;off&#8221; inner_shadow=&#8221;off&#8221; parallax=&#8221;off&#8221; parallax_method=&#8221;on&#8221; make_fullwidth=&#8221;off&#8221; use_custom_width=&#8221;off&#8221; width_unit=&#8221;on&#8221; make_equal=&#8221;off&#8221; use_custom_gutter=&#8221;off&#8221; locked=&#8221;off&#8221; global_module=&#8221;10917&#8243;][et_pb_fullwidth_header admin_label=&#8221;Napisi v nogi&#8221; global_parent=&#8221;10917&#8243; background_layout=&#8221;light&#8221; text_orientation=&#8221;left&#8221; header_fullscreen=&#8221;off&#8221; header_scroll_down=&#8221;off&#8221; parallax=&#8221;off&#8221; parallax_method=&#8221;off&#8221; content_orientation=&#8221;center&#8221; image_orientation=&#8221;center&#8221; custom_button_one=&#8221;off&#8221; button_one_letter_spacing=&#8221;0&#8243; button_one_use_icon=&#8221;default&#8221; button_one_icon_placement=&#8221;right&#8221; button_one_on_hover=&#8221;on&#8221; button_one_letter_spacing_hover=&#8221;0&#8243; custom_button_two=&#8221;off&#8221; button_two_letter_spacing=&#8221;0&#8243; button_two_use_icon=&#8221;default&#8221; button_two_icon_placement=&#8221;right&#8221; button_two_on_hover=&#8221;on&#8221; button_two_letter_spacing_hover=&#8221;0&#8243; background_color=&#8221;#46a5a5&#8243; title_font_size=&#8221;14px&#8221; subhead_font_size=&#8221;14px&#8221; parent_locked=&#8221;off&#8221;]<\/p>\n<table bgcolor=\"#ffffff\">\n<tbody>\n<tr>\n<td><strong>O\u0160 FRANJA MALGAJA \u0160ENTJUR Ulica skladateljev Ipavcev 2, 3230 \u0160entjur<\/strong> Telefon: 03\/ 746 3 800 ELEKTRONSKI NASLOV: tajnistvo@fmalgaja.si<\/td>\n<td><img loading=\"lazy\" decoding=\"async\" class=\"wp-image-74 aligncenter\" src=\"http:\/\/osfm-splet.splet.arnes.si\/files\/2015\/03\/logo.png\" alt=\"\" width=\"128\" height=\"128\" srcset=\"https:\/\/osfm-splet.splet.arnes.si\/files\/2015\/03\/logo.png 300w, https:\/\/osfm-splet.splet.arnes.si\/files\/2015\/03\/logo-150x150.png 150w\" sizes=\"(max-width: 128px) 100vw, 128px\" \/><\/td>\n<td><a href=\"http:\/\/www.mizs.gov.si\/\" target=\"_blank\"><img loading=\"lazy\" decoding=\"async\" class=\"wp-image-5081 aligncenter\" src=\"http:\/\/osfm-splet.splet.arnes.si\/files\/2018\/01\/logo-mss-e1515757613164.jpg\" alt=\"\" width=\"350\" height=\"73\" srcset=\"https:\/\/osfm-splet.splet.arnes.si\/files\/2018\/01\/logo-mss-e1515757613164.jpg 421w, https:\/\/osfm-splet.splet.arnes.si\/files\/2018\/01\/logo-mss-e1515757613164-300x63.jpg 300w\" sizes=\"(max-width: 350px) 100vw, 350px\" \/><\/a><\/td>\n<\/tr>\n<\/tbody>\n<\/table>\n<p>[\/et_pb_fullwidth_header][\/et_pb_section]<\/p>\n","protected":false},"excerpt":{"rendered":"<p>\u0160OLSKA SVETOVALNA SLU\u017dBA Ko ne ve\u0161, kako ravnati, kadar: Ima\u0161 te\u017eave pri u\u010denju (Kako naj se u\u010dim, da bom \u010dim bolj uspe\u0161en? Strah me je testa ali ocenjevanja)? Te je strah in ima\u0161 te\u017eave doma ali v \u0161oli? Se ne zna\u0161 vklju\u010diti v skupino vrstnikov ali pa te so\u0161olci \u00bbzafrkavajo\u00ab? Si \u017eeli\u0161 na letovanje? Se [&hellip;]<\/p>\n","protected":false},"author":4407,"featured_media":0,"parent":0,"menu_order":0,"comment_status":"closed","ping_status":"closed","template":"page-template-blank.php","meta":{"_et_pb_use_builder":"on","_et_pb_old_content":"","_et_gb_content_width":"","ngg_post_thumbnail":0,"footnotes":"","_expiration-date-status":"saved","_expiration-date":0,"_expiration-date-type":"","_expiration-date-categories":[],"_expiration-date-options":[]},"class_list":["post-12939","page","type-page","status-publish","hentry"],"_links":{"self":[{"href":"https:\/\/osfm-splet.splet.arnes.si\/index.php?rest_route=\/wp\/v2\/pages\/12939","targetHints":{"allow":["GET"]}}],"collection":[{"href":"https:\/\/osfm-splet.splet.arnes.si\/index.php?rest_route=\/wp\/v2\/pages"}],"about":[{"href":"https:\/\/osfm-splet.splet.arnes.si\/index.php?rest_route=\/wp\/v2\/types\/page"}],"author":[{"embeddable":true,"href":"https:\/\/osfm-splet.splet.arnes.si\/index.php?rest_route=\/wp\/v2\/users\/4407"}],"replies":[{"embeddable":true,"href":"https:\/\/osfm-splet.splet.arnes.si\/index.php?rest_route=%2Fwp%2Fv2%2Fcomments&post=12939"}],"version-history":[{"count":24,"href":"https:\/\/osfm-splet.splet.arnes.si\/index.php?rest_route=\/wp\/v2\/pages\/12939\/revisions"}],"predecessor-version":[{"id":14839,"href":"https:\/\/osfm-splet.splet.arnes.si\/index.php?rest_route=\/wp\/v2\/pages\/12939\/revisions\/14839"}],"wp:attachment":[{"href":"https:\/\/osfm-splet.splet.arnes.si\/index.php?rest_route=%2Fwp%2Fv2%2Fmedia&parent=12939"}],"curies":[{"name":"wp","href":"https:\/\/api.w.org\/{rel}","templated":true}]}}