{"id":12427,"date":"2020-01-02T19:57:45","date_gmt":"2020-01-02T18:57:45","guid":{"rendered":"http:\/\/osfm-splet.splet.arnes.si\/?page_id=12427"},"modified":"2025-10-08T09:56:49","modified_gmt":"2025-10-08T07:56:49","slug":"statusi","status":"publish","type":"page","link":"https:\/\/osfm-splet.splet.arnes.si\/?page_id=12427","title":{"rendered":"Statusi"},"content":{"rendered":"<p>[et_pb_section fb_built=&#8221;1&#8243; fullwidth=&#8221;on&#8221; admin_label=&#8221;section&#8221; _builder_version=&#8221;4.27.4&#8243; background_color=&#8221;rgba(255,255,255,0)&#8221; background_image=&#8221;http:\/\/osfm-splet.splet.arnes.si\/files\/2015\/06\/osfm1.jpg&#8221; background_enable_image=&#8221;off&#8221; custom_padding=&#8221;||1px|&#8221; transparent_background=&#8221;on&#8221; make_fullwidth=&#8221;off&#8221; use_custom_width=&#8221;off&#8221; width_unit=&#8221;on&#8221; global_module=&#8221;10997&#8243; locked=&#8221;off&#8221; collapsed=&#8221;on&#8221; global_colors_info=&#8221;{}&#8221;][et_pb_fullwidth_slider use_bg_overlay=&#8221;off&#8221; use_text_overlay=&#8221;off&#8221; admin_label=&#8221;Slike \u0161ole&#8221; _builder_version=&#8221;4.27.0&#8243; vertical_offset_tablet=&#8221;0&#8243; horizontal_offset_tablet=&#8221;0&#8243; custom_padding=&#8221;|||&#8221; auto=&#8221;on&#8221; auto_speed=&#8221;10000&#8243; link_option_url=&#8221;www.fmalgaja.si&#8221; z_index_tablet=&#8221;0&#8243; header_text_shadow_horizontal_length_tablet=&#8221;0px&#8221; header_text_shadow_vertical_length_tablet=&#8221;0px&#8221; header_text_shadow_blur_strength_tablet=&#8221;1px&#8221; body_text_shadow_horizontal_length_tablet=&#8221;0px&#8221; body_text_shadow_vertical_length_tablet=&#8221;0px&#8221; body_text_shadow_blur_strength_tablet=&#8221;1px&#8221; body_link_text_shadow_horizontal_length_tablet=&#8221;0px&#8221; body_link_text_shadow_vertical_length_tablet=&#8221;0px&#8221; body_link_text_shadow_blur_strength_tablet=&#8221;1px&#8221; body_ul_text_shadow_horizontal_length_tablet=&#8221;0px&#8221; body_ul_text_shadow_vertical_length_tablet=&#8221;0px&#8221; body_ul_text_shadow_blur_strength_tablet=&#8221;1px&#8221; body_ol_text_shadow_horizontal_length_tablet=&#8221;0px&#8221; body_ol_text_shadow_vertical_length_tablet=&#8221;0px&#8221; body_ol_text_shadow_blur_strength_tablet=&#8221;1px&#8221; body_quote_text_shadow_horizontal_length_tablet=&#8221;0px&#8221; body_quote_text_shadow_vertical_length_tablet=&#8221;0px&#8221; body_quote_text_shadow_blur_strength_tablet=&#8221;1px&#8221; button_text_shadow_horizontal_length_tablet=&#8221;0px&#8221; button_text_shadow_vertical_length_tablet=&#8221;0px&#8221; button_text_shadow_blur_strength_tablet=&#8221;1px&#8221; box_shadow_style=&#8221;preset6&#8243; box_shadow_horizontal_image_tablet=&#8221;0px&#8221; box_shadow_vertical_image_tablet=&#8221;0px&#8221; box_shadow_blur_image_tablet=&#8221;40px&#8221; box_shadow_spread_image_tablet=&#8221;0px&#8221; box_shadow_horizontal_button_tablet=&#8221;0px&#8221; box_shadow_vertical_button_tablet=&#8221;0px&#8221; box_shadow_blur_button_tablet=&#8221;40px&#8221; box_shadow_spread_button_tablet=&#8221;0px&#8221; text_shadow_horizontal_length_tablet=&#8221;0px&#8221; text_shadow_vertical_length_tablet=&#8221;0px&#8221; text_shadow_blur_strength_tablet=&#8221;1px&#8221; remove_inner_shadow=&#8221;off&#8221; hide_content_on_mobile=&#8221;off&#8221; hide_cta_on_mobile=&#8221;off&#8221; show_inner_shadow=&#8221;on&#8221; button_letter_spacing_hover=&#8221;0&#8243; locked=&#8221;off&#8221; global_colors_info=&#8221;{}&#8221; button_text_size__hover_enabled=&#8221;off&#8221; button_text_size__hover=&#8221;null&#8221; button_one_text_size__hover_enabled=&#8221;off&#8221; button_one_text_size__hover=&#8221;null&#8221; button_two_text_size__hover_enabled=&#8221;off&#8221; button_two_text_size__hover=&#8221;null&#8221; button_text_color__hover_enabled=&#8221;off&#8221; button_text_color__hover=&#8221;null&#8221; button_one_text_color__hover_enabled=&#8221;off&#8221; button_one_text_color__hover=&#8221;null&#8221; button_two_text_color__hover_enabled=&#8221;off&#8221; button_two_text_color__hover=&#8221;null&#8221; button_border_width__hover_enabled=&#8221;off&#8221; button_border_width__hover=&#8221;null&#8221; button_one_border_width__hover_enabled=&#8221;off&#8221; button_one_border_width__hover=&#8221;null&#8221; button_two_border_width__hover_enabled=&#8221;off&#8221; button_two_border_width__hover=&#8221;null&#8221; button_border_color__hover_enabled=&#8221;off&#8221; button_border_color__hover=&#8221;null&#8221; button_one_border_color__hover_enabled=&#8221;off&#8221; button_one_border_color__hover=&#8221;null&#8221; button_two_border_color__hover_enabled=&#8221;off&#8221; button_two_border_color__hover=&#8221;null&#8221; button_border_radius__hover_enabled=&#8221;off&#8221; button_border_radius__hover=&#8221;null&#8221; button_one_border_radius__hover_enabled=&#8221;off&#8221; button_one_border_radius__hover=&#8221;null&#8221; button_two_border_radius__hover_enabled=&#8221;off&#8221; button_two_border_radius__hover=&#8221;null&#8221; button_letter_spacing__hover_enabled=&#8221;on&#8221; button_letter_spacing__hover=&#8221;0&#8243; button_one_letter_spacing__hover_enabled=&#8221;off&#8221; button_one_letter_spacing__hover=&#8221;null&#8221; button_two_letter_spacing__hover_enabled=&#8221;off&#8221; button_two_letter_spacing__hover=&#8221;null&#8221; button_bg_color__hover_enabled=&#8221;off&#8221; button_bg_color__hover=&#8221;null&#8221; button_one_bg_color__hover_enabled=&#8221;off&#8221; button_one_bg_color__hover=&#8221;null&#8221; button_two_bg_color__hover_enabled=&#8221;off&#8221; button_two_bg_color__hover=&#8221;null&#8221;][et_pb_slide heading=&#8221;O\u0160 Franja Malgaja \u0160entjur&#8221; _builder_version=&#8221;4.16&#8243; background_color=&#8221;#ffffff&#8221; background_image=&#8221;https:\/\/osfm-splet.splet.arnes.si\/files\/2015\/08\/osfm1.jpg&#8221; background_enable_image=&#8221;on&#8221; locked=&#8221;off&#8221; global_colors_info=&#8221;{}&#8221; button_text_size__hover_enabled=&#8221;off&#8221; button_one_text_size__hover_enabled=&#8221;off&#8221; button_two_text_size__hover_enabled=&#8221;off&#8221; button_text_color__hover_enabled=&#8221;off&#8221; button_one_text_color__hover_enabled=&#8221;off&#8221; button_two_text_color__hover_enabled=&#8221;off&#8221; button_border_width__hover_enabled=&#8221;off&#8221; button_one_border_width__hover_enabled=&#8221;off&#8221; button_two_border_width__hover_enabled=&#8221;off&#8221; button_border_color__hover_enabled=&#8221;off&#8221; button_one_border_color__hover_enabled=&#8221;off&#8221; button_two_border_color__hover_enabled=&#8221;off&#8221; button_border_radius__hover_enabled=&#8221;off&#8221; button_one_border_radius__hover_enabled=&#8221;off&#8221; button_two_border_radius__hover_enabled=&#8221;off&#8221; button_letter_spacing__hover_enabled=&#8221;off&#8221; button_one_letter_spacing__hover_enabled=&#8221;off&#8221; button_two_letter_spacing__hover_enabled=&#8221;off&#8221; button_bg_color__hover_enabled=&#8221;off&#8221; button_one_bg_color__hover_enabled=&#8221;off&#8221; button_two_bg_color__hover_enabled=&#8221;off&#8221; sticky_transition=&#8221;on&#8221;][\/et_pb_slide][et_pb_slide heading=&#8221;O\u0160 Franja Malgaja \u0160entjur&#8221; _builder_version=&#8221;4.16&#8243; background_color=&#8221;#ffffff&#8221; background_image=&#8221;https:\/\/osfm-splet.splet.arnes.si\/files\/2015\/06\/osfm2.jpg&#8221; background_enable_image=&#8221;on&#8221; locked=&#8221;off&#8221; global_colors_info=&#8221;{}&#8221; button_text_size__hover_enabled=&#8221;off&#8221; button_one_text_size__hover_enabled=&#8221;off&#8221; button_two_text_size__hover_enabled=&#8221;off&#8221; button_text_color__hover_enabled=&#8221;off&#8221; button_one_text_color__hover_enabled=&#8221;off&#8221; button_two_text_color__hover_enabled=&#8221;off&#8221; button_border_width__hover_enabled=&#8221;off&#8221; button_one_border_width__hover_enabled=&#8221;off&#8221; button_two_border_width__hover_enabled=&#8221;off&#8221; button_border_color__hover_enabled=&#8221;off&#8221; button_one_border_color__hover_enabled=&#8221;off&#8221; button_two_border_color__hover_enabled=&#8221;off&#8221; button_border_radius__hover_enabled=&#8221;off&#8221; button_one_border_radius__hover_enabled=&#8221;off&#8221; button_two_border_radius__hover_enabled=&#8221;off&#8221; button_letter_spacing__hover_enabled=&#8221;off&#8221; button_one_letter_spacing__hover_enabled=&#8221;off&#8221; button_two_letter_spacing__hover_enabled=&#8221;off&#8221; button_bg_color__hover_enabled=&#8221;off&#8221; button_one_bg_color__hover_enabled=&#8221;off&#8221; button_two_bg_color__hover_enabled=&#8221;off&#8221; sticky_transition=&#8221;on&#8221;][\/et_pb_slide][et_pb_slide heading=&#8221;O\u0160 Franja Malgaja \u0160entjur&#8221; _builder_version=&#8221;4.16&#8243; background_color=&#8221;#ffffff&#8221; background_image=&#8221;https:\/\/osfm-splet.splet.arnes.si\/files\/2015\/06\/osfm3.jpg&#8221; background_enable_image=&#8221;on&#8221; locked=&#8221;off&#8221; global_colors_info=&#8221;{}&#8221; button_text_size__hover_enabled=&#8221;off&#8221; button_one_text_size__hover_enabled=&#8221;off&#8221; button_two_text_size__hover_enabled=&#8221;off&#8221; button_text_color__hover_enabled=&#8221;off&#8221; button_one_text_color__hover_enabled=&#8221;off&#8221; button_two_text_color__hover_enabled=&#8221;off&#8221; button_border_width__hover_enabled=&#8221;off&#8221; button_one_border_width__hover_enabled=&#8221;off&#8221; button_two_border_width__hover_enabled=&#8221;off&#8221; button_border_color__hover_enabled=&#8221;off&#8221; button_one_border_color__hover_enabled=&#8221;off&#8221; button_two_border_color__hover_enabled=&#8221;off&#8221; button_border_radius__hover_enabled=&#8221;off&#8221; button_one_border_radius__hover_enabled=&#8221;off&#8221; button_two_border_radius__hover_enabled=&#8221;off&#8221; button_letter_spacing__hover_enabled=&#8221;off&#8221; button_one_letter_spacing__hover_enabled=&#8221;off&#8221; button_two_letter_spacing__hover_enabled=&#8221;off&#8221; button_bg_color__hover_enabled=&#8221;off&#8221; button_one_bg_color__hover_enabled=&#8221;off&#8221; button_two_bg_color__hover_enabled=&#8221;off&#8221; sticky_transition=&#8221;on&#8221;][\/et_pb_slide][\/et_pb_fullwidth_slider][et_pb_fullwidth_menu menu_id=&#8221;57&#8243; menu_style=&#8221;centered&#8221; submenu_direction=&#8221;downwards&#8221; fullwidth_menu=&#8221;off&#8221; active_link_color=&#8221;#FFFFFF&#8221; admin_label=&#8221;Glavni Meni&#8221; module_id=&#8221;velikost-menija&#8221; _builder_version=&#8221;4.27.4&#8243; menu_font=&#8221;|on|||&#8221; menu_text_color=&#8221;#FFFFFF&#8221; menu_font_size=&#8221;15px&#8221; background_color=&#8221;#1269b0&#8243; background_color_tablet=&#8221;#ffffff&#8221; background_color_phone=&#8221;#ffffff&#8221; background_last_edited=&#8221;on|tablet&#8221; background_enable_color_tablet=&#8221;on&#8221; background_enable_color_phone=&#8221;on&#8221; global_colors_info=&#8221;{}&#8221;][\/et_pb_fullwidth_menu][\/et_pb_section][et_pb_section fb_built=&#8221;1&#8243; admin_label=&#8221;section&#8221; _builder_version=&#8221;4.16&#8243; global_colors_info=&#8221;{}&#8221;][et_pb_row admin_label=&#8221;row&#8221; _builder_version=&#8221;4.16&#8243; background_size=&#8221;initial&#8221; background_position=&#8221;top_left&#8221; background_repeat=&#8221;repeat&#8221; global_colors_info=&#8221;{}&#8221;][et_pb_column type=&#8221;4_4&#8243; _builder_version=&#8221;4.16&#8243; custom_padding=&#8221;|||&#8221; global_colors_info=&#8221;{}&#8221; custom_padding__hover=&#8221;|||&#8221;][et_pb_text _builder_version=&#8221;4.27.4&#8243; background_size=&#8221;initial&#8221; background_position=&#8221;top_left&#8221; background_repeat=&#8221;repeat&#8221; text_orientation=&#8221;justified&#8221; hover_enabled=&#8221;0&#8243; use_border_color=&#8221;off&#8221; global_colors_info=&#8221;{}&#8221; sticky_enabled=&#8221;0&#8243;]<\/p>\n<h3>Statusi<\/h3>\n<p>Na podlagi 51. \u010dlena Zakona o osnovni \u0161oli (Uradni list RS, \u0161t. 81\/06, 102\/07, 107\/10, 87\/11, 40\/12-ZUJF, 63\/13, 46\/16-ZOFVI-L, 76\/23, 16\/24) lahko star\u0161i\/skrbniki za svojega otroka oddajo vlogo za perspektivnega ali vrhunskega mladega umetnika oziroma perspektivnega ali vrhunskega \u0161portnika.<\/p>\n<p>Status perspektivnega\/vrhunskega mladega \u0161portnika lahko pridobi u\u010denec, ki je zaveden v evidenci registriranih in kategoriziranih \u0161portnikov (Olimpijski komite Slovenije \u2013 Zdru\u017eenje \u0161portnih zvez) in predlo\u017ei dokazila o udele\u017ebi v uradnih tekmovalnih sistemih nacionalnih pano\u017enih zvez oziroma dokazil o dosegu vrhunskih \u0161portnih dose\u017ekov mednarodne vrednosti.<br \/>Status u\u010denca perspektivnega\/vrhunskega mladega umetnika lahko pridobi u\u010denec, ki se udele\u017euje dr\u017eavnih tekmovanj s podro\u010dja umetnosti oziroma dosega najvi\u0161ja mesta in nagrade na dr\u017eavnih tekmovanjih s podro\u010dja umetnosti.<\/p>\n<hr>\n<p><strong>Pravila<\/strong><\/p>\n<p>\u0160ola s <a href=\"https:\/\/osfm-splet.splet.arnes.si\/files\/2025\/10\/Pravila-o-prilagajanju-solskih-obveznosti_2025.pdf\" target=\"_blank\" rel=\"attachment noopener wp-att-24137\">Pravili o prilagajanju \u0161olskih obveznosti<\/a> podrobneje uredi pravila za pridobitev statusa ter z u\u010dencem in njegovimi star\u0161i sprejme dogovor o tem. Ta velja eno \u0161olsko leto oz. do 30. septembra prihodnje \u0161olsko leto, v kolikor je podana nova vloga.<\/p>\n<hr>\n<p><a href=\"https:\/\/osfm-splet.splet.arnes.si\/files\/2024\/09\/Predlog-za-dodelitev-statusa-mladega-umetnika.pdf\" target=\"_blank\" rel=\"attachment noopener wp-att-27279\">Predlog za dodelitev statusa mladega umetnika<\/a><br \/><a href=\"https:\/\/osfm-splet.splet.arnes.si\/files\/2024\/09\/Predlog-za-dodelitev-statusa-mladega-sportnika.pdf\" target=\"_blank\" rel=\"attachment noopener wp-att-27278\">Predlog za dodelitev statusa mladega \u0161portnika<\/a><\/p>\n<p>&nbsp;<\/p>\n<p>[\/et_pb_text][\/et_pb_column][\/et_pb_row][\/et_pb_section][et_pb_section fb_built=&#8221;1&#8243; fullwidth=&#8221;on&#8221; disabled_on=&#8221;on|on|&#8221; admin_label=&#8221;Section&#8221; _builder_version=&#8221;4.27.4&#8243; vertical_offset_tablet=&#8221;0&#8243; horizontal_offset_tablet=&#8221;0&#8243; inner_width_phone=&#8221;50px&#8221; inner_max_width_tablet=&#8221;100px&#8221; inner_max_width_phone=&#8221;50px&#8221; custom_margin=&#8221;30px||||false|false&#8221; animation_style=&#8221;fade&#8221; box_shadow_horizontal_tablet=&#8221;0px&#8221; box_shadow_vertical_tablet=&#8221;0px&#8221; box_shadow_blur_tablet=&#8221;40px&#8221; box_shadow_spread_tablet=&#8221;0px&#8221; transparent_background=&#8221;off&#8221; make_fullwidth=&#8221;off&#8221; use_custom_width=&#8221;off&#8221; width_unit=&#8221;on&#8221; global_module=&#8221;10917&#8243; locked=&#8221;off&#8221; collapsed=&#8221;off&#8221; global_colors_info=&#8221;{}&#8221;][et_pb_fullwidth_header content_max_width=&#8221;none&#8221; admin_label=&#8221;Napisi in logo v nogi&#8221; _builder_version=&#8221;4.27.0&#8243; title_font_size=&#8221;14px&#8221; subhead_font_size=&#8221;14px&#8221; background_layout=&#8221;light&#8221; button_one_letter_spacing_hover=&#8221;0&#8243; button_two_letter_spacing_hover=&#8221;0&#8243; global_colors_info=&#8221;{}&#8221; button_one_text_size__hover_enabled=&#8221;off&#8221; button_one_text_size__hover=&#8221;null&#8221; button_two_text_size__hover_enabled=&#8221;off&#8221; button_two_text_size__hover=&#8221;null&#8221; button_one_text_color__hover_enabled=&#8221;off&#8221; button_one_text_color__hover=&#8221;null&#8221; button_two_text_color__hover_enabled=&#8221;off&#8221; button_two_text_color__hover=&#8221;null&#8221; button_one_border_width__hover_enabled=&#8221;off&#8221; button_one_border_width__hover=&#8221;null&#8221; button_two_border_width__hover_enabled=&#8221;off&#8221; button_two_border_width__hover=&#8221;null&#8221; button_one_border_color__hover_enabled=&#8221;off&#8221; button_one_border_color__hover=&#8221;null&#8221; button_two_border_color__hover_enabled=&#8221;off&#8221; button_two_border_color__hover=&#8221;null&#8221; button_one_border_radius__hover_enabled=&#8221;off&#8221; button_one_border_radius__hover=&#8221;null&#8221; button_two_border_radius__hover_enabled=&#8221;off&#8221; button_two_border_radius__hover=&#8221;null&#8221; button_one_letter_spacing__hover_enabled=&#8221;on&#8221; button_one_letter_spacing__hover=&#8221;0&#8243; button_two_letter_spacing__hover_enabled=&#8221;on&#8221; button_two_letter_spacing__hover=&#8221;0&#8243; button_one_bg_color__hover_enabled=&#8221;off&#8221; button_one_bg_color__hover=&#8221;null&#8221; button_two_bg_color__hover_enabled=&#8221;off&#8221; button_two_bg_color__hover=&#8221;null&#8221;]<\/p>\n<table bgcolor=\"#ffffff\">\n<tbody>\n<tr>\n<td><img loading=\"lazy\" decoding=\"async\" class=\"wp-image-18488 alignnone \" src=\"https:\/\/osfm-splet.splet.arnes.si\/files\/2019\/12\/osfm-NazivInNaslov.jpg\" alt=\"\" width=\"260\" height=\"87\"><\/td>\n<td><img loading=\"lazy\" decoding=\"async\" class=\"wp-image-74 aligncenter\" src=\"http:\/\/osfm-splet.splet.arnes.si\/files\/2015\/03\/logo.png\" alt=\"\" width=\"100\" height=\"100\" srcset=\"https:\/\/osfm-splet.splet.arnes.si\/files\/2015\/03\/logo.png 300w, https:\/\/osfm-splet.splet.arnes.si\/files\/2015\/03\/logo-150x150.png 150w\" sizes=\"(max-width: 100px) 100vw, 100px\" \/><\/td>\n<td><img loading=\"lazy\" decoding=\"async\" class=\"wp-image-22035 alignnone \" src=\"https:\/\/osfm-splet.splet.arnes.si\/files\/2022\/06\/Logo-MVI-slo.png\" alt=\"\" width=\"342\" height=\"37\"><\/td>\n<\/tr>\n<\/tbody>\n<\/table>\n<p>&nbsp;<\/p>\n<p>[\/et_pb_fullwidth_header][\/et_pb_section]<\/p>\n","protected":false},"excerpt":{"rendered":"<p>Statusi Na podlagi 51. \u010dlena Zakona o osnovni \u0161oli (Uradni list RS, \u0161t. 81\/06, 102\/07, 107\/10, 87\/11, 40\/12-ZUJF, 63\/13, 46\/16-ZOFVI-L, 76\/23, 16\/24) lahko star\u0161i\/skrbniki za svojega otroka oddajo vlogo za perspektivnega ali vrhunskega mladega umetnika oziroma perspektivnega ali vrhunskega \u0161portnika. Status perspektivnega\/vrhunskega mladega \u0161portnika lahko pridobi u\u010denec, ki je zaveden v evidenci registriranih in kategoriziranih [&hellip;]<\/p>\n","protected":false},"author":6245,"featured_media":0,"parent":0,"menu_order":0,"comment_status":"closed","ping_status":"closed","template":"page-template-blank.php","meta":{"_et_pb_use_builder":"on","_et_pb_old_content":"","_et_gb_content_width":"","ngg_post_thumbnail":0,"footnotes":""},"class_list":["post-12427","page","type-page","status-publish","hentry"],"publishpress_future_action":{"enabled":false,"date":"2026-05-24 11:32:46","action":"change-status","newStatus":"draft","terms":[],"taxonomy":"","extraData":[]},"publishpress_future_workflow_manual_trigger":{"enabledWorkflows":[]},"_links":{"self":[{"href":"https:\/\/osfm-splet.splet.arnes.si\/index.php?rest_route=\/wp\/v2\/pages\/12427","targetHints":{"allow":["GET"]}}],"collection":[{"href":"https:\/\/osfm-splet.splet.arnes.si\/index.php?rest_route=\/wp\/v2\/pages"}],"about":[{"href":"https:\/\/osfm-splet.splet.arnes.si\/index.php?rest_route=\/wp\/v2\/types\/page"}],"author":[{"embeddable":true,"href":"https:\/\/osfm-splet.splet.arnes.si\/index.php?rest_route=\/wp\/v2\/users\/6245"}],"replies":[{"embeddable":true,"href":"https:\/\/osfm-splet.splet.arnes.si\/index.php?rest_route=%2Fwp%2Fv2%2Fcomments&post=12427"}],"version-history":[{"count":15,"href":"https:\/\/osfm-splet.splet.arnes.si\/index.php?rest_route=\/wp\/v2\/pages\/12427\/revisions"}],"predecessor-version":[{"id":31374,"href":"https:\/\/osfm-splet.splet.arnes.si\/index.php?rest_route=\/wp\/v2\/pages\/12427\/revisions\/31374"}],"wp:attachment":[{"href":"https:\/\/osfm-splet.splet.arnes.si\/index.php?rest_route=%2Fwp%2Fv2%2Fmedia&parent=12427"}],"curies":[{"name":"wp","href":"https:\/\/api.w.org\/{rel}","templated":true}]}}