{"id":10619,"date":"2019-12-15T16:27:55","date_gmt":"2019-12-15T15:27:55","guid":{"rendered":"http:\/\/osfm-splet.splet.arnes.si\/?page_id=10619"},"modified":"2025-11-22T14:03:54","modified_gmt":"2025-11-22T13:03:54","slug":"letni-delovni-nacrt","status":"publish","type":"page","link":"https:\/\/osfm-splet.splet.arnes.si\/?page_id=10619","title":{"rendered":"Letni delovni na\u010drt"},"content":{"rendered":"<p>[et_pb_section fb_built=&#8221;1&#8243; fullwidth=&#8221;on&#8221; admin_label=&#8221;section&#8221; _builder_version=&#8221;4.27.4&#8243; background_color=&#8221;rgba(255,255,255,0)&#8221; background_image=&#8221;http:\/\/osfm-splet.splet.arnes.si\/files\/2015\/06\/osfm1.jpg&#8221; background_enable_image=&#8221;off&#8221; max_height=&#8221;1000px&#8221; custom_padding=&#8221;||1px|&#8221; transparent_background=&#8221;on&#8221; make_fullwidth=&#8221;off&#8221; use_custom_width=&#8221;off&#8221; width_unit=&#8221;on&#8221; global_module=&#8221;10997&#8243; locked=&#8221;off&#8221; collapsed=&#8221;on&#8221; global_colors_info=&#8221;{}&#8221;][et_pb_fullwidth_slider use_bg_overlay=&#8221;off&#8221; use_text_overlay=&#8221;off&#8221; admin_label=&#8221;Slike \u0161ole&#8221; _builder_version=&#8221;4.27.4&#8243; vertical_offset_tablet=&#8221;0&#8243; horizontal_offset_tablet=&#8221;0&#8243; custom_padding=&#8221;||273px|||&#8221; auto=&#8221;on&#8221; auto_speed=&#8221;10000&#8243; link_option_url=&#8221;www.fmalgaja.si&#8221; z_index_tablet=&#8221;0&#8243; header_text_shadow_horizontal_length_tablet=&#8221;0px&#8221; header_text_shadow_vertical_length_tablet=&#8221;0px&#8221; header_text_shadow_blur_strength_tablet=&#8221;1px&#8221; body_text_shadow_horizontal_length_tablet=&#8221;0px&#8221; body_text_shadow_vertical_length_tablet=&#8221;0px&#8221; body_text_shadow_blur_strength_tablet=&#8221;1px&#8221; body_link_text_shadow_horizontal_length_tablet=&#8221;0px&#8221; body_link_text_shadow_vertical_length_tablet=&#8221;0px&#8221; body_link_text_shadow_blur_strength_tablet=&#8221;1px&#8221; body_ul_text_shadow_horizontal_length_tablet=&#8221;0px&#8221; body_ul_text_shadow_vertical_length_tablet=&#8221;0px&#8221; body_ul_text_shadow_blur_strength_tablet=&#8221;1px&#8221; body_ol_text_shadow_horizontal_length_tablet=&#8221;0px&#8221; body_ol_text_shadow_vertical_length_tablet=&#8221;0px&#8221; body_ol_text_shadow_blur_strength_tablet=&#8221;1px&#8221; body_quote_text_shadow_horizontal_length_tablet=&#8221;0px&#8221; body_quote_text_shadow_vertical_length_tablet=&#8221;0px&#8221; body_quote_text_shadow_blur_strength_tablet=&#8221;1px&#8221; button_text_shadow_horizontal_length_tablet=&#8221;0px&#8221; button_text_shadow_vertical_length_tablet=&#8221;0px&#8221; button_text_shadow_blur_strength_tablet=&#8221;1px&#8221; box_shadow_style=&#8221;preset6&#8243; box_shadow_horizontal_image_tablet=&#8221;0px&#8221; box_shadow_vertical_image_tablet=&#8221;0px&#8221; box_shadow_blur_image_tablet=&#8221;40px&#8221; box_shadow_spread_image_tablet=&#8221;0px&#8221; box_shadow_horizontal_button_tablet=&#8221;0px&#8221; box_shadow_vertical_button_tablet=&#8221;0px&#8221; box_shadow_blur_button_tablet=&#8221;40px&#8221; box_shadow_spread_button_tablet=&#8221;0px&#8221; text_shadow_horizontal_length_tablet=&#8221;0px&#8221; text_shadow_vertical_length_tablet=&#8221;0px&#8221; text_shadow_blur_strength_tablet=&#8221;1px&#8221; remove_inner_shadow=&#8221;off&#8221; hide_content_on_mobile=&#8221;off&#8221; hide_cta_on_mobile=&#8221;off&#8221; show_inner_shadow=&#8221;on&#8221; button_letter_spacing_hover=&#8221;0&#8243; locked=&#8221;off&#8221; global_colors_info=&#8221;{}&#8221; button_text_size__hover_enabled=&#8221;off&#8221; button_text_size__hover=&#8221;null&#8221; button_one_text_size__hover_enabled=&#8221;off&#8221; button_one_text_size__hover=&#8221;null&#8221; button_two_text_size__hover_enabled=&#8221;off&#8221; button_two_text_size__hover=&#8221;null&#8221; button_text_color__hover_enabled=&#8221;off&#8221; button_text_color__hover=&#8221;null&#8221; button_one_text_color__hover_enabled=&#8221;off&#8221; button_one_text_color__hover=&#8221;null&#8221; button_two_text_color__hover_enabled=&#8221;off&#8221; button_two_text_color__hover=&#8221;null&#8221; button_border_width__hover_enabled=&#8221;off&#8221; button_border_width__hover=&#8221;null&#8221; button_one_border_width__hover_enabled=&#8221;off&#8221; button_one_border_width__hover=&#8221;null&#8221; button_two_border_width__hover_enabled=&#8221;off&#8221; button_two_border_width__hover=&#8221;null&#8221; button_border_color__hover_enabled=&#8221;off&#8221; button_border_color__hover=&#8221;null&#8221; button_one_border_color__hover_enabled=&#8221;off&#8221; button_one_border_color__hover=&#8221;null&#8221; button_two_border_color__hover_enabled=&#8221;off&#8221; button_two_border_color__hover=&#8221;null&#8221; button_border_radius__hover_enabled=&#8221;off&#8221; button_border_radius__hover=&#8221;null&#8221; button_one_border_radius__hover_enabled=&#8221;off&#8221; button_one_border_radius__hover=&#8221;null&#8221; button_two_border_radius__hover_enabled=&#8221;off&#8221; button_two_border_radius__hover=&#8221;null&#8221; button_letter_spacing__hover_enabled=&#8221;on&#8221; button_letter_spacing__hover=&#8221;0&#8243; button_one_letter_spacing__hover_enabled=&#8221;off&#8221; button_one_letter_spacing__hover=&#8221;null&#8221; button_two_letter_spacing__hover_enabled=&#8221;off&#8221; button_two_letter_spacing__hover=&#8221;null&#8221; button_bg_color__hover_enabled=&#8221;off&#8221; button_bg_color__hover=&#8221;null&#8221; button_one_bg_color__hover_enabled=&#8221;off&#8221; button_one_bg_color__hover=&#8221;null&#8221; button_two_bg_color__hover_enabled=&#8221;off&#8221; button_two_bg_color__hover=&#8221;null&#8221;][et_pb_slide heading=&#8221;O\u0160 Franja Malgaja \u0160entjur&#8221; _builder_version=&#8221;4.27.4&#8243; background_color=&#8221;#ffffff&#8221; background_image=&#8221;https:\/\/osfm-splet.splet.arnes.si\/files\/2025\/10\/image00002-scaled.jpeg&#8221; background_enable_image=&#8221;on&#8221; locked=&#8221;off&#8221; global_colors_info=&#8221;{}&#8221; button_text_size__hover_enabled=&#8221;off&#8221; button_one_text_size__hover_enabled=&#8221;off&#8221; button_two_text_size__hover_enabled=&#8221;off&#8221; button_text_color__hover_enabled=&#8221;off&#8221; button_one_text_color__hover_enabled=&#8221;off&#8221; button_two_text_color__hover_enabled=&#8221;off&#8221; button_border_width__hover_enabled=&#8221;off&#8221; button_one_border_width__hover_enabled=&#8221;off&#8221; button_two_border_width__hover_enabled=&#8221;off&#8221; button_border_color__hover_enabled=&#8221;off&#8221; button_one_border_color__hover_enabled=&#8221;off&#8221; button_two_border_color__hover_enabled=&#8221;off&#8221; button_border_radius__hover_enabled=&#8221;off&#8221; button_one_border_radius__hover_enabled=&#8221;off&#8221; button_two_border_radius__hover_enabled=&#8221;off&#8221; button_letter_spacing__hover_enabled=&#8221;off&#8221; button_one_letter_spacing__hover_enabled=&#8221;off&#8221; button_two_letter_spacing__hover_enabled=&#8221;off&#8221; button_bg_color__hover_enabled=&#8221;off&#8221; button_one_bg_color__hover_enabled=&#8221;off&#8221; button_two_bg_color__hover_enabled=&#8221;off&#8221; sticky_transition=&#8221;on&#8221;][\/et_pb_slide][\/et_pb_fullwidth_slider][et_pb_fullwidth_menu menu_id=&#8221;57&#8243; menu_style=&#8221;centered&#8221; submenu_direction=&#8221;downwards&#8221; fullwidth_menu=&#8221;off&#8221; active_link_color=&#8221;#FFFFFF&#8221; admin_label=&#8221;Glavni Meni&#8221; module_id=&#8221;velikost-menija&#8221; _builder_version=&#8221;4.27.4&#8243; menu_font=&#8221;|on|||&#8221; menu_text_color=&#8221;#FFFFFF&#8221; menu_font_size=&#8221;15px&#8221; background_color=&#8221;#1269b0&#8243; background_color_tablet=&#8221;#ffffff&#8221; background_color_phone=&#8221;#ffffff&#8221; background_last_edited=&#8221;on|tablet&#8221; background_enable_color_tablet=&#8221;on&#8221; background_enable_color_phone=&#8221;on&#8221; global_colors_info=&#8221;{}&#8221;][\/et_pb_fullwidth_menu][\/et_pb_section][et_pb_section fb_built=&#8221;1&#8243; admin_label=&#8221;section&#8221; _builder_version=&#8221;4.16&#8243; global_colors_info=&#8221;{}&#8221;][et_pb_row admin_label=&#8221;row&#8221; _builder_version=&#8221;4.16&#8243; background_size=&#8221;initial&#8221; background_position=&#8221;top_left&#8221; background_repeat=&#8221;repeat&#8221; global_colors_info=&#8221;{}&#8221;][et_pb_column type=&#8221;4_4&#8243; _builder_version=&#8221;4.16&#8243; custom_padding=&#8221;|||&#8221; global_colors_info=&#8221;{}&#8221; custom_padding__hover=&#8221;|||&#8221;][et_pb_text _builder_version=&#8221;4.27.4&#8243; background_size=&#8221;initial&#8221; background_position=&#8221;top_left&#8221; background_repeat=&#8221;repeat&#8221; text_orientation=&#8221;justified&#8221; hover_enabled=&#8221;0&#8243; use_border_color=&#8221;off&#8221; global_colors_info=&#8221;{}&#8221; sticky_enabled=&#8221;0&#8243;]<\/p>\n<h3>Letni delovni na\u010drt<\/h3>\n<p>Letni delovni na\u010drt smo pripravili ob tesnem posvetovanju z vsemi udele\u017eenci \u0161ole. Pri tem smo sledili viziji \u0161ole in zastavljenim ciljem. Pregledali smo, kateri cilji so bili dose\u017eeni v preteklem \u0161olskem letu, kateri niso bili dose\u017eeni, vendar jih je treba ohraniti in kateri so novi cilji. Predvsem novosti so tiste, ki so predstavljale podlago za pogovore z razli\u010dnimi dele\u017eniki \u0161ole, u\u010ditelji ter ostalimi zaposlenimi, u\u010denci, svetom zavoda in svetom star\u0161ev.<\/p>\n<p>Razprave so privedle do dragocenega prispevka k novemu \u0161olskemu letnemu delovnemu na\u010drtu (LDN) in pomagale pri izbolj\u0161anju kakovosti dela. LDN delno temelji na procesu zagotavljanja kakovosti, ki mu sledimo v okviru \u0161olskega odbora za kakovost. Dodatna prednost je, da so se vsi udele\u017eenci \u0161ole pred sprejetjem tega dokumenta, seznanili z vsebinami novega \u0161olskega na\u010drta in pri njenem oblikovanju tudi sodelovali.<\/p>\n<p>Letni delovni na\u010drt sprejme svet osnovne \u0161ole v skladu z zakonom in drugimi predpisi najkasneje do konca meseca septembra v vsakem \u0161olskem letu.<\/p>\n<hr>\n<p><div class='et-box et-shadow'>\n\t\t\t\t\t<div class='et-box-content'><a href=\"https:\/\/osfm-splet.splet.arnes.si\/files\/2025\/11\/Letni-delovni-nacrt-2025_2026-1.pdf\" target=\"_blank\" rel=\"attachment noopener wp-att-32190\">Letni delovni na\u010drt 2025_2026<\/a><\/div><\/div><br \/><div class='et-box et-shadow'>\n\t\t\t\t\t<div class='et-box-content'>Akcijski na\u010drt<\/div><\/div><\/p>\n<p><a href=\"https:\/\/osfm-splet.splet.arnes.si\/files\/2021\/10\/Uvajanje-izboljav-in-samoevalvacije-na-podro\u010dju-u\u010denja-in-pou\u010devanja-v-obdobju-od-2021-2025_Bralna-pismenost.pdf\" target=\"_blank\" rel=\"noopener noreferrer\">Uvajanje izbolj\u0161av in samoevalvacije na podro\u010dju u\u010denja in pou\u010devanja<\/a><a href=\"https:\/\/osfm-splet.splet.arnes.si\/files\/2021\/10\/Uvajanje-izboljav-in-samoevalvacije-na-podro\u010dju-u\u010denja-in-pou\u010devanja-v-obdobju-od-2021-2025_Bralna-pismenost.pdf\" target=\"_blank\" rel=\"noopener noreferrer\">_Bralna pismenost<\/a><\/p>\n<p><a href=\"https:\/\/osfm-splet.splet.arnes.si\/files\/2021\/10\/Uvajanje-izboljav-in-samoevalvacije-na-podro\u010dju-u\u010denja-in-pou\u010devanja-v-obdobju-od-2021-2023_U\u010denje-u\u010denja.pdf\" target=\"_blank\" rel=\"noopener noreferrer\">Uvajanje izbolj\u0161av in samoevalvacije na podro\u010dju u\u010denja in pou\u010devanja_U\u010denje u\u010denja<\/a><\/p>\n<p>[\/et_pb_text][\/et_pb_column][\/et_pb_row][\/et_pb_section][et_pb_section fb_built=&#8221;1&#8243; fullwidth=&#8221;on&#8221; disabled_on=&#8221;on|on|&#8221; admin_label=&#8221;Section&#8221; _builder_version=&#8221;4.27.4&#8243; vertical_offset_tablet=&#8221;0&#8243; horizontal_offset_tablet=&#8221;0&#8243; inner_width_phone=&#8221;50px&#8221; inner_max_width_tablet=&#8221;100px&#8221; inner_max_width_phone=&#8221;50px&#8221; custom_margin=&#8221;30px||||false|false&#8221; animation_style=&#8221;fade&#8221; box_shadow_horizontal_tablet=&#8221;0px&#8221; box_shadow_vertical_tablet=&#8221;0px&#8221; box_shadow_blur_tablet=&#8221;40px&#8221; box_shadow_spread_tablet=&#8221;0px&#8221; transparent_background=&#8221;off&#8221; make_fullwidth=&#8221;off&#8221; use_custom_width=&#8221;off&#8221; width_unit=&#8221;on&#8221; global_module=&#8221;10917&#8243; locked=&#8221;off&#8221; collapsed=&#8221;off&#8221; global_colors_info=&#8221;{}&#8221;][et_pb_fullwidth_header content_max_width=&#8221;none&#8221; admin_label=&#8221;Napisi in logo v nogi&#8221; _builder_version=&#8221;4.27.4&#8243; title_font_size=&#8221;14px&#8221; subhead_font_size=&#8221;14px&#8221; background_layout=&#8221;light&#8221; button_one_letter_spacing_hover=&#8221;0&#8243; button_two_letter_spacing_hover=&#8221;0&#8243; global_colors_info=&#8221;{}&#8221; button_one_text_size__hover_enabled=&#8221;off&#8221; button_one_text_size__hover=&#8221;null&#8221; button_two_text_size__hover_enabled=&#8221;off&#8221; button_two_text_size__hover=&#8221;null&#8221; button_one_text_color__hover_enabled=&#8221;off&#8221; button_one_text_color__hover=&#8221;null&#8221; button_two_text_color__hover_enabled=&#8221;off&#8221; button_two_text_color__hover=&#8221;null&#8221; button_one_border_width__hover_enabled=&#8221;off&#8221; button_one_border_width__hover=&#8221;null&#8221; button_two_border_width__hover_enabled=&#8221;off&#8221; button_two_border_width__hover=&#8221;null&#8221; button_one_border_color__hover_enabled=&#8221;off&#8221; button_one_border_color__hover=&#8221;null&#8221; button_two_border_color__hover_enabled=&#8221;off&#8221; button_two_border_color__hover=&#8221;null&#8221; button_one_border_radius__hover_enabled=&#8221;off&#8221; button_one_border_radius__hover=&#8221;null&#8221; button_two_border_radius__hover_enabled=&#8221;off&#8221; button_two_border_radius__hover=&#8221;null&#8221; button_one_letter_spacing__hover_enabled=&#8221;on&#8221; button_one_letter_spacing__hover=&#8221;0&#8243; button_two_letter_spacing__hover_enabled=&#8221;on&#8221; button_two_letter_spacing__hover=&#8221;0&#8243; button_one_bg_color__hover_enabled=&#8221;off&#8221; button_one_bg_color__hover=&#8221;null&#8221; button_two_bg_color__hover_enabled=&#8221;off&#8221; button_two_bg_color__hover=&#8221;null&#8221;]<\/p>\n<table bgcolor=\"#ffffff\">\n<tbody>\n<tr>\n<td><img loading=\"lazy\" decoding=\"async\" class=\"wp-image-18488 alignnone \" src=\"https:\/\/osfm-splet.splet.arnes.si\/files\/2019\/12\/osfm-NazivInNaslov.jpg\" alt=\"\" width=\"260\" height=\"87\"><\/td>\n<td><img loading=\"lazy\" decoding=\"async\" class=\"wp-image-74 aligncenter\" src=\"http:\/\/osfm-splet.splet.arnes.si\/files\/2015\/03\/logo.png\" alt=\"\" width=\"100\" height=\"100\" srcset=\"https:\/\/osfm-splet.splet.arnes.si\/files\/2015\/03\/logo.png 300w, https:\/\/osfm-splet.splet.arnes.si\/files\/2015\/03\/logo-150x150.png 150w\" sizes=\"(max-width: 100px) 100vw, 100px\" \/><\/td>\n<td><img loading=\"lazy\" decoding=\"async\" class=\"wp-image-22035 alignnone \" src=\"https:\/\/osfm-splet.splet.arnes.si\/files\/2022\/06\/Logo-MVI-slo.png\" alt=\"\" width=\"342\" height=\"37\"><\/td>\n<\/tr>\n<\/tbody>\n<\/table>\n<p>&nbsp;<\/p>\n<p>[\/et_pb_fullwidth_header][\/et_pb_section]<\/p>\n","protected":false},"excerpt":{"rendered":"<p>Letni delovni na\u010drt Letni delovni na\u010drt smo pripravili ob tesnem posvetovanju z vsemi udele\u017eenci \u0161ole. Pri tem smo sledili viziji \u0161ole in zastavljenim ciljem. Pregledali smo, kateri cilji so bili dose\u017eeni v preteklem \u0161olskem letu, kateri niso bili dose\u017eeni, vendar jih je treba ohraniti in kateri so novi cilji. Predvsem novosti so tiste, ki so [&hellip;]<\/p>\n","protected":false},"author":6245,"featured_media":0,"parent":0,"menu_order":0,"comment_status":"closed","ping_status":"closed","template":"page-template-blank.php","meta":{"_et_pb_use_builder":"on","_et_pb_old_content":"<p>Na na\u0161i \u0161oli smo pozorni drug na drugega, spodbujamo talente, ponujamo prilo\u017enosti u\u010dencem, zaposlenim in star\u0161em.<\/p><p>Jedro dobre \u0161ole tvorijo:<\/p><ul><li>uresni\u010dljiv in celovit u\u010dni na\u010drt,<\/li><li>izzivi u\u010dnih ciljev,<\/li><li>zavezanost vrednotam in na\u010delom,<\/li><li>u\u010dinkovite povratne informacije o vzgoji in u\u010dni uspe\u0161nosti,<\/li><li>sodelovalni in zaupljiv odnos star\u0161ev,<\/li><li>dobra socialna varnost,<\/li><li>dobra kolegialnost ter<\/li><li>strokovnostzaposlenih.<\/li><\/ul><p>Vsako novo \u0161olsko leto se moramo ozreti v prej\u0161nja in se iz njih u\u010diti, kaj bi lahko izbolj\u0161ali. V ta proces zato vklju\u010dujemo u\u010dence in star\u0161e ter si prizadevamo upo\u0161tevati tudi njihove povratne informacije.<\/p><p>Da bi ohranjali u\u010dno-vzgojne rezultate na visokem kakovostnem nivoju, moramo vsi dele\u017eniki aktivno sodelovati na sre\u010danjih, delovnih skupinah in u\u010dnih mre\u017eah, ki prispevajo k izbolj\u0161anju izobra\u017eevanja u\u010dencev. Z odprtim odnosom do tega, kar se lahko nau\u010dimo iz dobrih praks in iskanjem koristnih informacij ter razmi\u0161ljanjem o svojem strokovnem delu in o delu v timu, si bomo vedno zastavljali vpra\u0161anje, kaj bi lahko izbolj\u0161ali v interesu dviga kakovosti u\u010dno-vzgojnega procesa.<\/p><p>Letni delovni na\u010drt smo pripravili ob tesnem posvetovanju z vsemi udele\u017eenci \u0161ole. Pri tem smo sledili viziji \u0161ole in zastavljenim ciljem. Pregledali smo, kateri cilji so bili dose\u017eeni v preteklem \u0161olskem letu, kateri niso bili dose\u017eeni, vendar jih je treba ohraniti in kateri so novi cilji. Predvsem novosti so tiste, ki so predstavljale podlago za pogovore z razli\u010dnimi dele\u017eniki \u0161ole, u\u010ditelji ter ostalimi zaposlenimi, u\u010denci, svetom zavoda in svetom star\u0161ev.<\/p><p>Razprave so privedle do dragocenega prispevka k novemu \u0161olskemu letnemu delovnemu na\u010drtu (LDN) in pomagale pri izbolj\u0161anju kakovosti dela. LDN delno temelji na procesu zagotavljanja kakovosti, ki mu sledimo v okviru \u0161olskega odbora za kakovost. Dodatna prednost je, da so se vsi udele\u017eenci \u0161ole pred sprejetjem tega dokumenta, seznanili z vsebinami novega \u0161olskega na\u010drta in pri njenem oblikovanju tudi sodelovali. Dejansko smo na razli\u010dnih podro\u010djih \u017ee pri\u010deli z izvajanjem pedago\u0161kih dejavnosti in usmeritev k uresni\u010devanju novih ciljev.<\/p><p>Zakonodaja predpisuje okvirne elemente Letnega delovnega na\u010drta, ki se dopolnjujejo z vsebinami glede na specifiko in potrebe zavoda za uspe\u0161no organizacijo dela in v skladu s finan\u010dnimi zmo\u017enostmi.<\/p><p>Letni delovni na\u010drt sprejme svet osnovne \u0161ole v skladu z zakonom in drugimi predpisi najkasneje do konca meseca septembra v vsakem \u0161olskem letu.<\/p>","_et_gb_content_width":"","ngg_post_thumbnail":0,"footnotes":"","_expiration-date-status":"","_expiration-date":0,"_expiration-date-type":"","_expiration-date-categories":[],"_expiration-date-options":[]},"class_list":["post-10619","page","type-page","status-publish","hentry"],"_links":{"self":[{"href":"https:\/\/osfm-splet.splet.arnes.si\/index.php?rest_route=\/wp\/v2\/pages\/10619","targetHints":{"allow":["GET"]}}],"collection":[{"href":"https:\/\/osfm-splet.splet.arnes.si\/index.php?rest_route=\/wp\/v2\/pages"}],"about":[{"href":"https:\/\/osfm-splet.splet.arnes.si\/index.php?rest_route=\/wp\/v2\/types\/page"}],"author":[{"embeddable":true,"href":"https:\/\/osfm-splet.splet.arnes.si\/index.php?rest_route=\/wp\/v2\/users\/6245"}],"replies":[{"embeddable":true,"href":"https:\/\/osfm-splet.splet.arnes.si\/index.php?rest_route=%2Fwp%2Fv2%2Fcomments&post=10619"}],"version-history":[{"count":14,"href":"https:\/\/osfm-splet.splet.arnes.si\/index.php?rest_route=\/wp\/v2\/pages\/10619\/revisions"}],"predecessor-version":[{"id":32192,"href":"https:\/\/osfm-splet.splet.arnes.si\/index.php?rest_route=\/wp\/v2\/pages\/10619\/revisions\/32192"}],"wp:attachment":[{"href":"https:\/\/osfm-splet.splet.arnes.si\/index.php?rest_route=%2Fwp%2Fv2%2Fmedia&parent=10619"}],"curies":[{"name":"wp","href":"https:\/\/api.w.org\/{rel}","templated":true}]}}